{"id":18124,"date":"2025-01-13T09:17:43","date_gmt":"2025-01-13T09:17:43","guid":{"rendered":"https:\/\/kfactory.eu\/?page_id=18124"},"modified":"2025-11-27T16:39:31","modified_gmt":"2025-11-27T16:39:31","slug":"sustainability","status":"publish","type":"page","link":"https:\/\/kfactory.eu\/de\/features\/sustainability\/","title":{"rendered":"Nachhaltigkeit"},"content":{"rendered":"<div data-elementor-type=\"wp-page\" data-elementor-id=\"18124\" class=\"elementor elementor-18124\" data-elementor-post-type=\"page\">\n\t\t\t\t\t\t<section class=\"elementor-section elementor-top-section elementor-element elementor-element-01d4d3a elementor-section-boxed elementor-section-height-default elementor-section-height-default\" data-id=\"01d4d3a\" data-element_type=\"section\" data-e-type=\"section\" data-settings=\"{&quot;background_background&quot;:&quot;classic&quot;}\">\n\t\t\t\t\t\t<div class=\"elementor-container elementor-column-gap-default\">\n\t\t\t\t\t<div class=\"elementor-column elementor-col-100 elementor-top-column elementor-element elementor-element-3989625\" data-id=\"3989625\" data-element_type=\"column\" data-e-type=\"column\">\n\t\t\t<div class=\"elementor-widget-wrap elementor-element-populated\">\n\t\t\t\t\t\t<div class=\"elementor-element elementor-element-f388a79 elementor-widget elementor-widget-spacer\" data-id=\"f388a79\" data-element_type=\"widget\" data-e-type=\"widget\" data-widget_type=\"spacer.default\">\n\t\t\t\t<div class=\"elementor-widget-container\">\n\t\t\t\t\t\t\t<div class=\"elementor-spacer\">\n\t\t\t<div class=\"elementor-spacer-inner\"><\/div>\n\t\t<\/div>\n\t\t\t\t\t\t<\/div>\n\t\t\t\t<\/div>\n\t\t\t\t<section class=\"elementor-section elementor-inner-section elementor-element elementor-element-f949f26 elementor-section-boxed elementor-section-height-default elementor-section-height-default\" data-id=\"f949f26\" data-element_type=\"section\" data-e-type=\"section\" data-settings=\"{&quot;background_background&quot;:&quot;classic&quot;}\">\n\t\t\t\t\t\t<div class=\"elementor-container elementor-column-gap-default\">\n\t\t\t\t\t<div class=\"elementor-column elementor-col-100 elementor-inner-column elementor-element elementor-element-ebe05dc\" data-id=\"ebe05dc\" data-element_type=\"column\" data-e-type=\"column\">\n\t\t\t<div class=\"elementor-widget-wrap elementor-element-populated\">\n\t\t\t\t\t\t<div class=\"elementor-element elementor-element-0a54003 elementor-widget elementor-widget-heading\" data-id=\"0a54003\" data-element_type=\"widget\" data-e-type=\"widget\" data-widget_type=\"heading.default\">\n\t\t\t\t<div class=\"elementor-widget-container\">\n\t\t\t\t\t<h1 class=\"elementor-heading-title elementor-size-default\">Nachhaltigkeit<\/h1>\t\t\t\t<\/div>\n\t\t\t\t<\/div>\n\t\t\t\t\t<\/div>\n\t\t<\/div>\n\t\t\t\t\t<\/div>\n\t\t<\/section>\n\t\t\t\t<div class=\"elementor-element elementor-element-db2e8c7 elementor-widget elementor-widget-spacer\" data-id=\"db2e8c7\" data-element_type=\"widget\" data-e-type=\"widget\" data-widget_type=\"spacer.default\">\n\t\t\t\t<div class=\"elementor-widget-container\">\n\t\t\t\t\t\t\t<div class=\"elementor-spacer\">\n\t\t\t<div class=\"elementor-spacer-inner\"><\/div>\n\t\t<\/div>\n\t\t\t\t\t\t<\/div>\n\t\t\t\t<\/div>\n\t\t\t\t\t<\/div>\n\t\t<\/div>\n\t\t\t\t\t<\/div>\n\t\t<\/section>\n\t\t\t\t<section class=\"elementor-section elementor-top-section elementor-element elementor-element-1665fd0 elementor-section-boxed elementor-section-height-default elementor-section-height-default\" data-id=\"1665fd0\" data-element_type=\"section\" data-e-type=\"section\" data-settings=\"{&quot;background_background&quot;:&quot;classic&quot;}\">\n\t\t\t\t\t\t<div class=\"elementor-container elementor-column-gap-default\">\n\t\t\t\t\t<div class=\"elementor-column elementor-col-100 elementor-top-column elementor-element elementor-element-29d98ee\" data-id=\"29d98ee\" data-element_type=\"column\" data-e-type=\"column\">\n\t\t\t<div class=\"elementor-widget-wrap elementor-element-populated\">\n\t\t\t\t\t\t<div class=\"elementor-element elementor-element-ed88f5a elementor-widget elementor-widget-spacer\" data-id=\"ed88f5a\" data-element_type=\"widget\" data-e-type=\"widget\" data-widget_type=\"spacer.default\">\n\t\t\t\t<div class=\"elementor-widget-container\">\n\t\t\t\t\t\t\t<div class=\"elementor-spacer\">\n\t\t\t<div class=\"elementor-spacer-inner\"><\/div>\n\t\t<\/div>\n\t\t\t\t\t\t<\/div>\n\t\t\t\t<\/div>\n\t\t\t\t<div class=\"elementor-element elementor-element-175d95a elementor-widget elementor-widget-image\" data-id=\"175d95a\" data-element_type=\"widget\" data-e-type=\"widget\" data-widget_type=\"image.default\">\n\t\t\t\t<div class=\"elementor-widget-container\">\n\t\t\t\t\t\t\t\t\t\t\t\t\t\t\t<img decoding=\"async\" src=\"https:\/\/kfactory.eu\/wp-content\/uploads\/elementor\/thumbs\/Smart-factory-that-uses-a-combination-of-robots-and-human-workers-to-increase-efficiency01-min-rhvyjp6i6jmut9nr7c9roiwjtiqu3f6y73hcnxrj6m.jpg\" title=\"Smart factory that uses a combination of robots and human workers to increase efficiency01-min\" alt=\"Smart factory that uses a combination of software and human workers to increase efficiency.\" loading=\"lazy\" \/>\t\t\t\t\t\t\t\t\t\t\t\t\t\t\t<\/div>\n\t\t\t\t<\/div>\n\t\t<div class=\"elementor-element elementor-element-690d19b e-flex e-con-boxed e-con e-parent\" data-id=\"690d19b\" data-element_type=\"container\" data-e-type=\"container\">\n\t\t\t\t\t<div class=\"e-con-inner\">\n\t\t\t\t<div class=\"elementor-element elementor-element-fe4319a elementor-widget elementor-widget-heading\" data-id=\"fe4319a\" data-element_type=\"widget\" data-e-type=\"widget\" data-widget_type=\"heading.default\">\n\t\t\t\t<div class=\"elementor-widget-container\">\n\t\t\t\t\t<h2 class=\"elementor-heading-title elementor-size-default\">Energieverbrauch<\/h2>\t\t\t\t<\/div>\n\t\t\t\t<\/div>\n\t\t\t\t\t<\/div>\n\t\t\t\t<\/div>\n\t\t\t\t<section class=\"elementor-section elementor-inner-section elementor-element elementor-element-036221f elementor-section-boxed elementor-section-height-default elementor-section-height-default\" data-id=\"036221f\" data-element_type=\"section\" data-e-type=\"section\" data-settings=\"{&quot;background_background&quot;:&quot;classic&quot;}\">\n\t\t\t\t\t\t<div class=\"elementor-container elementor-column-gap-default\">\n\t\t\t\t\t<div class=\"elementor-column elementor-col-100 elementor-inner-column elementor-element elementor-element-5595d88\" data-id=\"5595d88\" data-element_type=\"column\" data-e-type=\"column\">\n\t\t\t<div class=\"elementor-widget-wrap elementor-element-populated\">\n\t\t\t\t\t\t<div class=\"elementor-element elementor-element-894cd5e elementor-widget__width-auto elementor-widget elementor-widget-text-editor\" data-id=\"894cd5e\" data-element_type=\"widget\" data-e-type=\"widget\" data-widget_type=\"text-editor.default\">\n\t\t\t\t<div class=\"elementor-widget-container\">\n\t\t\t\t\t\t\t\t\t<p>KFactory nutzt fortschrittliche Sensoren von Advantech, um den Energieverbrauch direkt an den Maschinen oder \u00fcber Z\u00e4hler pr\u00e4zise zu messen. Indem die Energiedaten mit Produktionskennzahlen verkn\u00fcpft werden, liefert unsere Plattform wertvolle Einblicke in den Zusammenhang von Energieaufwand und Fertigungsprozessen. Dank dieser umfassenden Analyse lassen sich Ineffizienzen erkennen, Energieeinsatz optimieren und Kosten senken.<\/p><p>Die Echtzeit\u00fcberwachung des Energieverbrauchs erm\u00f6glicht das fr\u00fchzeitige Erkennen von Spitzenlasten und Verschwendung. So k\u00f6nnen Engp\u00e4sse im Energiesystem behoben, die Energieeffizienz gesteigert und Produktionskosten nachhaltig reduziert werden.<\/p><p>Die Integration des KFactory-Energiemonitorings ist ein starkes Instrument, um Ihren Energieeinsatz zu optimieren, Kosten zu senken und einen umweltfreundlicheren Fertigungsprozess zu realisieren.<\/p>\t\t\t\t\t\t\t\t<\/div>\n\t\t\t\t<\/div>\n\t\t\t\t\t<\/div>\n\t\t<\/div>\n\t\t\t\t\t<\/div>\n\t\t<\/section>\n\t\t\t\t<section class=\"elementor-section elementor-inner-section elementor-element elementor-element-ff40f0b elementor-section-boxed elementor-section-height-default elementor-section-height-default\" data-id=\"ff40f0b\" data-element_type=\"section\" data-e-type=\"section\" data-settings=\"{&quot;background_background&quot;:&quot;classic&quot;}\">\n\t\t\t\t\t\t<div class=\"elementor-container elementor-column-gap-default\">\n\t\t\t\t\t<div class=\"elementor-column elementor-col-100 elementor-inner-column elementor-element elementor-element-fc615d1\" data-id=\"fc615d1\" data-element_type=\"column\" data-e-type=\"column\">\n\t\t\t<div class=\"elementor-widget-wrap elementor-element-populated\">\n\t\t\t\t\t\t<div class=\"elementor-element elementor-element-1a10443 elementor-widget elementor-widget-heading\" data-id=\"1a10443\" data-element_type=\"widget\" data-e-type=\"widget\" data-widget_type=\"heading.default\">\n\t\t\t\t<div class=\"elementor-widget-container\">\n\t\t\t\t\t<h2 class=\"elementor-heading-title elementor-size-default\">CO\u2082-\u00dcberwachung <\/h2>\t\t\t\t<\/div>\n\t\t\t\t<\/div>\n\t\t\t\t<div class=\"elementor-element elementor-element-1a0bcff elementor-widget__width-auto elementor-widget elementor-widget-text-editor\" data-id=\"1a0bcff\" data-element_type=\"widget\" data-e-type=\"widget\" data-widget_type=\"text-editor.default\">\n\t\t\t\t<div class=\"elementor-widget-container\">\n\t\t\t\t\t\t\t\t\t<p>Die CO\u2082-\u00dcberwachungsfunktionen von KFactory unterst\u00fctzen Hersteller dabei, ihren CO\u2082-Aussto\u00df genau zu erfassen und gezielt zu steuern. Mithilfe direkter Messungen, wie z.\u202fB. der aus Advantech-Sensoren gewonnenen Energiedaten, ermittelt KFactory sowohl <strong>den gesamten Emissionswert<\/strong> als auch <strong>den CO\u2082-Fu\u00dfabdruck pro Produkt<\/strong>. Eine pr\u00e4zise \u00dcberwachung ist entscheidend, um Umweltauflagen einzuhalten und langfristige Nachhaltigkeitsziele zu erreichen.<\/p><p>Die Bewertung des CO\u2082-Fu\u00dfabdrucks auf Unternehmens- und Produktebene erm\u00f6glicht es, Emissionsquellen zu lokalisieren und wirkungsvolle Reduktionsma\u00dfnahmen zu entwickeln. Beispielsweise k\u00f6nnen Hersteller durch die Analyse einzelner Produktfu\u00dfabdr\u00fccke fundierte Entscheidungen zu Materialien, Fertigungsprozessen und Logistik treffen, um ihren \u00f6kologischen Fu\u00dfabdruck zu verkleinern.<\/p><p>Eine umfassende CO\u2082-\u00dcberwachung verbessert nicht nur die Einhaltung gesetzlicher Anforderungen, sondern steigert auch die Betriebseffizienz und das Unternehmensimage. Hersteller, die auf solche L\u00f6sungen setzen, leisten einen wichtigen Beitrag zum Klimaschutz und etablieren sich als verantwortungsbewusste Marktteilnehmer.<\/p>\t\t\t\t\t\t\t\t<\/div>\n\t\t\t\t<\/div>\n\t\t\t\t\t<\/div>\n\t\t<\/div>\n\t\t\t\t\t<\/div>\n\t\t<\/section>\n\t\t\t\t<section class=\"elementor-section elementor-inner-section elementor-element elementor-element-cb35cf9 elementor-section-boxed elementor-section-height-default elementor-section-height-default\" data-id=\"cb35cf9\" data-element_type=\"section\" data-e-type=\"section\" data-settings=\"{&quot;background_background&quot;:&quot;classic&quot;}\">\n\t\t\t\t\t\t<div class=\"elementor-container elementor-column-gap-default\">\n\t\t\t\t\t<div class=\"elementor-column elementor-col-100 elementor-inner-column elementor-element elementor-element-f811c05\" data-id=\"f811c05\" data-element_type=\"column\" data-e-type=\"column\">\n\t\t\t<div class=\"elementor-widget-wrap elementor-element-populated\">\n\t\t\t\t\t\t<div class=\"elementor-element elementor-element-60d558a elementor-widget elementor-widget-heading\" data-id=\"60d558a\" data-element_type=\"widget\" data-e-type=\"widget\" data-widget_type=\"heading.default\">\n\t\t\t\t<div class=\"elementor-widget-container\">\n\t\t\t\t\t<h2 class=\"elementor-heading-title elementor-size-default\">Reduzierung von Material- und Energieverbrauch<\/h2>\t\t\t\t<\/div>\n\t\t\t\t<\/div>\n\t\t\t\t<div class=\"elementor-element elementor-element-8660fa3 elementor-widget__width-auto elementor-widget elementor-widget-text-editor\" data-id=\"8660fa3\" data-element_type=\"widget\" data-e-type=\"widget\" data-widget_type=\"text-editor.default\">\n\t\t\t\t<div class=\"elementor-widget-container\">\n\t\t\t\t\t\t\t\t\t<p>Die Verringerung von Material- und Energieverbrauch ist f\u00fcr Hersteller entscheidend, um Effizienz zu steigern, Kosten zu senken und ihre Umweltbilanz zu verbessern. Effektive Energie- und Materialmanagementma\u00dfnahmen k\u00f6nnen zu sp\u00fcrbaren Einsparungen und Kostensenkungen f\u00fchren.<\/p><p>Angesichts der immer st\u00e4rker globalisierten Wirtschaft wird Nachhaltigkeit zunehmend zu einem entscheidenden Wettbewerbsfaktor. Unternehmen erkennen, dass \u00f6kologisch vertr\u00e4gliche Fertigungsverfahren nicht nur helfen, Umweltauflagen einzuhalten, sondern auch ihre Position am Markt st\u00e4rken.<\/p><p>Weniger Verschwendung und geringere CO\u2082-Emissionen bedeuten eine h\u00f6here Betriebseffizienz und bieten Wettbewerbsvorteile, insbesondere f\u00fcr Kunden, denen Umweltschutz wichtig ist.<\/p><p>Die integrierte Plattform von KFactory liefert Herstellern die n\u00f6tigen Werkzeuge, um Material- und Energieverbrauch nachhaltig zu reduzieren. Mithilfe von Echtzeitdaten und KI-gest\u00fctzten Analysen lassen sich Schwachstellen erkennen, gezielte Energiesparstrategien umsetzen und die Fortschritte bei der Erreichung von Nachhaltigkeitszielen kontinuierlich \u00fcberwachen.<\/p><p>Dies steigert nicht nur die Profitabilit\u00e4t, sondern f\u00fchrt auch zu einem nachhaltigeren Produktionsprozess \u2013 und verschafft Unternehmen einen Wettbewerbsvorteil auf einem Markt, der immer st\u00e4rker auf umweltbewusste Praktiken achtet.<\/p>\t\t\t\t\t\t\t\t<\/div>\n\t\t\t\t<\/div>\n\t\t\t\t\t<\/div>\n\t\t<\/div>\n\t\t\t\t\t<\/div>\n\t\t<\/section>\n\t\t\t\t<div class=\"elementor-element elementor-element-b06fd6a elementor-widget elementor-widget-spacer\" data-id=\"b06fd6a\" data-element_type=\"widget\" data-e-type=\"widget\" data-widget_type=\"spacer.default\">\n\t\t\t\t<div class=\"elementor-widget-container\">\n\t\t\t\t\t\t\t<div class=\"elementor-spacer\">\n\t\t\t<div class=\"elementor-spacer-inner\"><\/div>\n\t\t<\/div>\n\t\t\t\t\t\t<\/div>\n\t\t\t\t<\/div>\n\t\t\t\t<div class=\"elementor-element elementor-element-11874a4 elementor-widget elementor-widget-spacer\" data-id=\"11874a4\" data-element_type=\"widget\" data-e-type=\"widget\" data-widget_type=\"spacer.default\">\n\t\t\t\t<div class=\"elementor-widget-container\">\n\t\t\t\t\t\t\t<div class=\"elementor-spacer\">\n\t\t\t<div class=\"elementor-spacer-inner\"><\/div>\n\t\t<\/div>\n\t\t\t\t\t\t<\/div>\n\t\t\t\t<\/div>\n\t\t\t\t<div class=\"elementor-element elementor-element-042cdb4 elementor-widget elementor-widget-spacer\" data-id=\"042cdb4\" data-element_type=\"widget\" data-e-type=\"widget\" data-widget_type=\"spacer.default\">\n\t\t\t\t<div class=\"elementor-widget-container\">\n\t\t\t\t\t\t\t<div class=\"elementor-spacer\">\n\t\t\t<div class=\"elementor-spacer-inner\"><\/div>\n\t\t<\/div>\n\t\t\t\t\t\t<\/div>\n\t\t\t\t<\/div>\n\t\t\t\t<div class=\"elementor-element elementor-element-145e9e0 elementor-widget elementor-widget-spacer\" data-id=\"145e9e0\" data-element_type=\"widget\" data-e-type=\"widget\" data-widget_type=\"spacer.default\">\n\t\t\t\t<div class=\"elementor-widget-container\">\n\t\t\t\t\t\t\t<div class=\"elementor-spacer\">\n\t\t\t<div class=\"elementor-spacer-inner\"><\/div>\n\t\t<\/div>\n\t\t\t\t\t\t<\/div>\n\t\t\t\t<\/div>\n\t\t\t\t\t<\/div>\n\t\t<\/div>\n\t\t\t\t\t<\/div>\n\t\t<\/section>\n\t\t\t\t<\/div>","protected":false},"excerpt":{"rendered":"<p>Sustainability Energy consumption KFactory uses Advantech&#8217;s advanced sensors to accurately measure energy usage directly from equipment or through meters. By correlating energy data with production metrics, our pltform provides valuable insights into the relationship between energy consumption and manufacturing activities. &hellip; <a href=\"https:\/\/kfactory.eu\/de\/features\/sustainability\/\">Mehr erfahren<\/a><\/p>","protected":false},"author":2,"featured_media":0,"parent":18132,"menu_order":0,"comment_status":"closed","ping_status":"closed","template":"","meta":{"content-type":"","footnotes":""},"categories":[],"tags":[],"class_list":["post-18124","page","type-page","status-publish","hentry"],"yoast_head":"<!-- This site is optimized with the Yoast SEO Premium plugin v25.2 (Yoast SEO v27.5) - https:\/\/yoast.com\/product\/yoast-seo-premium-wordpress\/ -->\n<title>Sustainability Insights | KFactory Energy Solutions<\/title>\n<meta name=\"description\" content=\"Optimize energy usage and reduce costs with KFactory&#039;s real-time monitoring. Start your journey towards sustainable manufacturing today!\u200b\u200b\" \/>\n<meta name=\"robots\" content=\"index, follow, max-snippet:-1, max-image-preview:large, max-video-preview:-1\" \/>\n<link rel=\"canonical\" href=\"https:\/\/kfactory.eu\/de\/features\/sustainability\/\" \/>\n<meta property=\"og:locale\" content=\"de_DE\" \/>\n<meta property=\"og:type\" content=\"article\" \/>\n<meta property=\"og:title\" content=\"Sustainability in Manufacturing | KFactory\" \/>\n<meta property=\"og:description\" content=\"Achieve energy efficiency and sustainability with KFactory. Learn more now!\" \/>\n<meta property=\"og:url\" content=\"https:\/\/kfactory.eu\/de\/features\/sustainability\/\" \/>\n<meta property=\"og:site_name\" content=\"KFactory\" \/>\n<meta property=\"article:publisher\" content=\"https:\/\/www.facebook.com\/people\/KFactory\/100064137339029\/\" \/>\n<meta property=\"article:modified_time\" content=\"2025-11-27T16:39:31+00:00\" \/>\n<meta property=\"og:image\" content=\"https:\/\/kfactory.eu\/wp-content\/uploads\/elementor\/thumbs\/Smart-factory-that-uses-a-combination-of-robots-and-human-workers-to-increase-efficiency01-min-qmae8wl9o3mru5oa8zps15i8nszflfoysrgso1k4wu.jpg\" \/>\n<meta name=\"twitter:card\" content=\"summary_large_image\" \/>\n<meta name=\"twitter:title\" content=\"KFactory Sustainability\" \/>\n<meta name=\"twitter:description\" content=\"KFactory Sustainability\" \/>\n<meta name=\"twitter:label1\" content=\"Gesch\u00e4tzte Lesezeit\" \/>\n\t<meta name=\"twitter:data1\" content=\"3\u00a0Minuten\" \/>\n<script type=\"application\/ld+json\" class=\"yoast-schema-graph\">{\"@context\":\"https:\\\/\\\/schema.org\",\"@graph\":[{\"@type\":\"WebPage\",\"@id\":\"https:\\\/\\\/kfactory.eu\\\/features\\\/sustainability\\\/\",\"url\":\"https:\\\/\\\/kfactory.eu\\\/features\\\/sustainability\\\/\",\"name\":\"Sustainability Insights | KFactory Energy Solutions\",\"isPartOf\":{\"@id\":\"https:\\\/\\\/kfactory.eu\\\/#website\"},\"primaryImageOfPage\":{\"@id\":\"https:\\\/\\\/kfactory.eu\\\/features\\\/sustainability\\\/#primaryimage\"},\"image\":{\"@id\":\"https:\\\/\\\/kfactory.eu\\\/features\\\/sustainability\\\/#primaryimage\"},\"thumbnailUrl\":\"https:\\\/\\\/kfactory.eu\\\/wp-content\\\/uploads\\\/elementor\\\/thumbs\\\/Smart-factory-that-uses-a-combination-of-robots-and-human-workers-to-increase-efficiency01-min-qmae8wl9o3mru5oa8zps15i8nszflfoysrgso1k4wu.jpg\",\"datePublished\":\"2025-01-13T09:17:43+00:00\",\"dateModified\":\"2025-11-27T16:39:31+00:00\",\"description\":\"Optimize energy usage and reduce costs with KFactory's real-time monitoring. Start your journey towards sustainable manufacturing today!\u200b\u200b\",\"breadcrumb\":{\"@id\":\"https:\\\/\\\/kfactory.eu\\\/features\\\/sustainability\\\/#breadcrumb\"},\"inLanguage\":\"de\",\"potentialAction\":[{\"@type\":\"ReadAction\",\"target\":[\"https:\\\/\\\/kfactory.eu\\\/features\\\/sustainability\\\/\"]}]},{\"@type\":\"ImageObject\",\"inLanguage\":\"de\",\"@id\":\"https:\\\/\\\/kfactory.eu\\\/features\\\/sustainability\\\/#primaryimage\",\"url\":\"https:\\\/\\\/kfactory.eu\\\/wp-content\\\/uploads\\\/elementor\\\/thumbs\\\/Smart-factory-that-uses-a-combination-of-robots-and-human-workers-to-increase-efficiency01-min-qmae8wl9o3mru5oa8zps15i8nszflfoysrgso1k4wu.jpg\",\"contentUrl\":\"https:\\\/\\\/kfactory.eu\\\/wp-content\\\/uploads\\\/elementor\\\/thumbs\\\/Smart-factory-that-uses-a-combination-of-robots-and-human-workers-to-increase-efficiency01-min-qmae8wl9o3mru5oa8zps15i8nszflfoysrgso1k4wu.jpg\"},{\"@type\":\"BreadcrumbList\",\"@id\":\"https:\\\/\\\/kfactory.eu\\\/features\\\/sustainability\\\/#breadcrumb\",\"itemListElement\":[{\"@type\":\"ListItem\",\"position\":1,\"name\":\"Home\",\"item\":\"https:\\\/\\\/kfactory.eu\\\/\"},{\"@type\":\"ListItem\",\"position\":2,\"name\":\"Features\",\"item\":\"https:\\\/\\\/kfactory.eu\\\/features\\\/\"},{\"@type\":\"ListItem\",\"position\":3,\"name\":\"Sustainability\"}]},{\"@type\":\"WebSite\",\"@id\":\"https:\\\/\\\/kfactory.eu\\\/#website\",\"url\":\"https:\\\/\\\/kfactory.eu\\\/\",\"name\":\"KFactory\",\"description\":\"All about operational performance\",\"publisher\":{\"@id\":\"https:\\\/\\\/kfactory.eu\\\/#organization\"},\"potentialAction\":[{\"@type\":\"SearchAction\",\"target\":{\"@type\":\"EntryPoint\",\"urlTemplate\":\"https:\\\/\\\/kfactory.eu\\\/?s={search_term_string}\"},\"query-input\":{\"@type\":\"PropertyValueSpecification\",\"valueRequired\":true,\"valueName\":\"search_term_string\"}}],\"inLanguage\":\"de\"},{\"@type\":\"Organization\",\"@id\":\"https:\\\/\\\/kfactory.eu\\\/#organization\",\"name\":\"KFactory\",\"url\":\"https:\\\/\\\/kfactory.eu\\\/\",\"logo\":{\"@type\":\"ImageObject\",\"inLanguage\":\"de\",\"@id\":\"https:\\\/\\\/kfactory.eu\\\/#\\\/schema\\\/logo\\\/image\\\/\",\"url\":\"https:\\\/\\\/kfactory.eu\\\/wp-content\\\/uploads\\\/2024\\\/03\\\/cropped-logo-KFactory004-min.png\",\"contentUrl\":\"https:\\\/\\\/kfactory.eu\\\/wp-content\\\/uploads\\\/2024\\\/03\\\/cropped-logo-KFactory004-min.png\",\"width\":150,\"height\":93,\"caption\":\"KFactory\"},\"image\":{\"@id\":\"https:\\\/\\\/kfactory.eu\\\/#\\\/schema\\\/logo\\\/image\\\/\"},\"sameAs\":[\"https:\\\/\\\/www.facebook.com\\\/people\\\/KFactory\\\/100064137339029\\\/\"]}]}<\/script>\n<!-- \/ Yoast SEO Premium plugin. -->","yoast_head_json":{"title":"Sustainability Insights | KFactory Energy Solutions","description":"Optimize energy usage and reduce costs with KFactory's real-time monitoring. Start your journey towards sustainable manufacturing today!\u200b\u200b","robots":{"index":"index","follow":"follow","max-snippet":"max-snippet:-1","max-image-preview":"max-image-preview:large","max-video-preview":"max-video-preview:-1"},"canonical":"https:\/\/kfactory.eu\/de\/features\/sustainability\/","og_locale":"de_DE","og_type":"article","og_title":"Sustainability in Manufacturing | KFactory","og_description":"Achieve energy efficiency and sustainability with KFactory. Learn more now!","og_url":"https:\/\/kfactory.eu\/de\/features\/sustainability\/","og_site_name":"KFactory","article_publisher":"https:\/\/www.facebook.com\/people\/KFactory\/100064137339029\/","article_modified_time":"2025-11-27T16:39:31+00:00","og_image":[{"url":"https:\/\/kfactory.eu\/wp-content\/uploads\/elementor\/thumbs\/Smart-factory-that-uses-a-combination-of-robots-and-human-workers-to-increase-efficiency01-min-qmae8wl9o3mru5oa8zps15i8nszflfoysrgso1k4wu.jpg","type":"","width":"","height":""}],"twitter_card":"summary_large_image","twitter_title":"KFactory Sustainability","twitter_description":"KFactory Sustainability","twitter_misc":{"Gesch\u00e4tzte Lesezeit":"3\u00a0Minuten"},"schema":{"@context":"https:\/\/schema.org","@graph":[{"@type":"WebPage","@id":"https:\/\/kfactory.eu\/features\/sustainability\/","url":"https:\/\/kfactory.eu\/features\/sustainability\/","name":"Sustainability Insights | KFactory Energy Solutions","isPartOf":{"@id":"https:\/\/kfactory.eu\/#website"},"primaryImageOfPage":{"@id":"https:\/\/kfactory.eu\/features\/sustainability\/#primaryimage"},"image":{"@id":"https:\/\/kfactory.eu\/features\/sustainability\/#primaryimage"},"thumbnailUrl":"https:\/\/kfactory.eu\/wp-content\/uploads\/elementor\/thumbs\/Smart-factory-that-uses-a-combination-of-robots-and-human-workers-to-increase-efficiency01-min-qmae8wl9o3mru5oa8zps15i8nszflfoysrgso1k4wu.jpg","datePublished":"2025-01-13T09:17:43+00:00","dateModified":"2025-11-27T16:39:31+00:00","description":"Optimize energy usage and reduce costs with KFactory's real-time monitoring. Start your journey towards sustainable manufacturing today!\u200b\u200b","breadcrumb":{"@id":"https:\/\/kfactory.eu\/features\/sustainability\/#breadcrumb"},"inLanguage":"de","potentialAction":[{"@type":"ReadAction","target":["https:\/\/kfactory.eu\/features\/sustainability\/"]}]},{"@type":"ImageObject","inLanguage":"de","@id":"https:\/\/kfactory.eu\/features\/sustainability\/#primaryimage","url":"https:\/\/kfactory.eu\/wp-content\/uploads\/elementor\/thumbs\/Smart-factory-that-uses-a-combination-of-robots-and-human-workers-to-increase-efficiency01-min-qmae8wl9o3mru5oa8zps15i8nszflfoysrgso1k4wu.jpg","contentUrl":"https:\/\/kfactory.eu\/wp-content\/uploads\/elementor\/thumbs\/Smart-factory-that-uses-a-combination-of-robots-and-human-workers-to-increase-efficiency01-min-qmae8wl9o3mru5oa8zps15i8nszflfoysrgso1k4wu.jpg"},{"@type":"BreadcrumbList","@id":"https:\/\/kfactory.eu\/features\/sustainability\/#breadcrumb","itemListElement":[{"@type":"ListItem","position":1,"name":"Home","item":"https:\/\/kfactory.eu\/"},{"@type":"ListItem","position":2,"name":"Features","item":"https:\/\/kfactory.eu\/features\/"},{"@type":"ListItem","position":3,"name":"Sustainability"}]},{"@type":"WebSite","@id":"https:\/\/kfactory.eu\/#website","url":"https:\/\/kfactory.eu\/","name":"die KFactory-Plattform","description":"All about operational performance","publisher":{"@id":"https:\/\/kfactory.eu\/#organization"},"potentialAction":[{"@type":"SearchAction","target":{"@type":"EntryPoint","urlTemplate":"https:\/\/kfactory.eu\/?s={search_term_string}"},"query-input":{"@type":"PropertyValueSpecification","valueRequired":true,"valueName":"search_term_string"}}],"inLanguage":"de"},{"@type":"Organization","@id":"https:\/\/kfactory.eu\/#organization","name":"die KFactory-Plattform","url":"https:\/\/kfactory.eu\/","logo":{"@type":"ImageObject","inLanguage":"de","@id":"https:\/\/kfactory.eu\/#\/schema\/logo\/image\/","url":"https:\/\/kfactory.eu\/wp-content\/uploads\/2024\/03\/cropped-logo-KFactory004-min.png","contentUrl":"https:\/\/kfactory.eu\/wp-content\/uploads\/2024\/03\/cropped-logo-KFactory004-min.png","width":150,"height":93,"caption":"KFactory"},"image":{"@id":"https:\/\/kfactory.eu\/#\/schema\/logo\/image\/"},"sameAs":["https:\/\/www.facebook.com\/people\/KFactory\/100064137339029\/"]}]}},"_links":{"self":[{"href":"https:\/\/kfactory.eu\/de\/wp-json\/wp\/v2\/pages\/18124","targetHints":{"allow":["GET"]}}],"collection":[{"href":"https:\/\/kfactory.eu\/de\/wp-json\/wp\/v2\/pages"}],"about":[{"href":"https:\/\/kfactory.eu\/de\/wp-json\/wp\/v2\/types\/page"}],"author":[{"embeddable":true,"href":"https:\/\/kfactory.eu\/de\/wp-json\/wp\/v2\/users\/2"}],"replies":[{"embeddable":true,"href":"https:\/\/kfactory.eu\/de\/wp-json\/wp\/v2\/comments?post=18124"}],"version-history":[{"count":10,"href":"https:\/\/kfactory.eu\/de\/wp-json\/wp\/v2\/pages\/18124\/revisions"}],"predecessor-version":[{"id":20510,"href":"https:\/\/kfactory.eu\/de\/wp-json\/wp\/v2\/pages\/18124\/revisions\/20510"}],"up":[{"embeddable":true,"href":"https:\/\/kfactory.eu\/de\/wp-json\/wp\/v2\/pages\/18132"}],"wp:attachment":[{"href":"https:\/\/kfactory.eu\/de\/wp-json\/wp\/v2\/media?parent=18124"}],"wp:term":[{"taxonomy":"category","embeddable":true,"href":"https:\/\/kfactory.eu\/de\/wp-json\/wp\/v2\/categories?post=18124"},{"taxonomy":"post_tag","embeddable":true,"href":"https:\/\/kfactory.eu\/de\/wp-json\/wp\/v2\/tags?post=18124"}],"curies":[{"name":"wp","href":"https:\/\/api.w.org\/{rel}","templated":true}]}}