{"id":18121,"date":"2025-01-13T09:13:01","date_gmt":"2025-01-13T09:13:01","guid":{"rendered":"https:\/\/kfactory.eu\/?page_id=18121"},"modified":"2025-11-27T16:47:32","modified_gmt":"2025-11-27T16:47:32","slug":"integration","status":"publish","type":"page","link":"https:\/\/kfactory.eu\/de\/features\/integration\/","title":{"rendered":"Integration"},"content":{"rendered":"<div data-elementor-type=\"wp-page\" data-elementor-id=\"18121\" class=\"elementor elementor-18121\" data-elementor-post-type=\"page\">\n\t\t\t\t\t\t<section class=\"elementor-section elementor-top-section elementor-element elementor-element-8ebd318 elementor-section-boxed elementor-section-height-default elementor-section-height-default\" data-id=\"8ebd318\" data-element_type=\"section\" data-e-type=\"section\" data-settings=\"{&quot;background_background&quot;:&quot;classic&quot;}\">\n\t\t\t\t\t\t<div class=\"elementor-container elementor-column-gap-default\">\n\t\t\t\t\t<div class=\"elementor-column elementor-col-100 elementor-top-column elementor-element elementor-element-1c521e9\" data-id=\"1c521e9\" data-element_type=\"column\" data-e-type=\"column\">\n\t\t\t<div class=\"elementor-widget-wrap elementor-element-populated\">\n\t\t\t\t\t\t<div class=\"elementor-element elementor-element-30edfd4 elementor-widget elementor-widget-spacer\" data-id=\"30edfd4\" data-element_type=\"widget\" data-e-type=\"widget\" data-widget_type=\"spacer.default\">\n\t\t\t\t<div class=\"elementor-widget-container\">\n\t\t\t\t\t\t\t<div class=\"elementor-spacer\">\n\t\t\t<div class=\"elementor-spacer-inner\"><\/div>\n\t\t<\/div>\n\t\t\t\t\t\t<\/div>\n\t\t\t\t<\/div>\n\t\t\t\t<section class=\"elementor-section elementor-inner-section elementor-element elementor-element-8f49d74 elementor-section-boxed elementor-section-height-default elementor-section-height-default\" data-id=\"8f49d74\" data-element_type=\"section\" data-e-type=\"section\" data-settings=\"{&quot;background_background&quot;:&quot;classic&quot;}\">\n\t\t\t\t\t\t<div class=\"elementor-container elementor-column-gap-default\">\n\t\t\t\t\t<div class=\"elementor-column elementor-col-100 elementor-inner-column elementor-element elementor-element-829b0a7\" data-id=\"829b0a7\" data-element_type=\"column\" data-e-type=\"column\">\n\t\t\t<div class=\"elementor-widget-wrap elementor-element-populated\">\n\t\t\t\t\t\t<div class=\"elementor-element elementor-element-7ab59ae elementor-widget elementor-widget-heading\" data-id=\"7ab59ae\" data-element_type=\"widget\" data-e-type=\"widget\" data-widget_type=\"heading.default\">\n\t\t\t\t<div class=\"elementor-widget-container\">\n\t\t\t\t\t<h1 class=\"elementor-heading-title elementor-size-default\">Integration<\/h1>\t\t\t\t<\/div>\n\t\t\t\t<\/div>\n\t\t\t\t\t<\/div>\n\t\t<\/div>\n\t\t\t\t\t<\/div>\n\t\t<\/section>\n\t\t\t\t<div class=\"elementor-element elementor-element-fc69060 elementor-widget elementor-widget-spacer\" data-id=\"fc69060\" data-element_type=\"widget\" data-e-type=\"widget\" data-widget_type=\"spacer.default\">\n\t\t\t\t<div class=\"elementor-widget-container\">\n\t\t\t\t\t\t\t<div class=\"elementor-spacer\">\n\t\t\t<div class=\"elementor-spacer-inner\"><\/div>\n\t\t<\/div>\n\t\t\t\t\t\t<\/div>\n\t\t\t\t<\/div>\n\t\t\t\t\t<\/div>\n\t\t<\/div>\n\t\t\t\t\t<\/div>\n\t\t<\/section>\n\t\t\t\t<section class=\"elementor-section elementor-top-section elementor-element elementor-element-ca659a5 elementor-section-boxed elementor-section-height-default elementor-section-height-default\" data-id=\"ca659a5\" data-element_type=\"section\" data-e-type=\"section\" data-settings=\"{&quot;background_background&quot;:&quot;classic&quot;}\">\n\t\t\t\t\t\t<div class=\"elementor-container elementor-column-gap-default\">\n\t\t\t\t\t<div class=\"elementor-column elementor-col-100 elementor-top-column elementor-element elementor-element-74690d4\" data-id=\"74690d4\" data-element_type=\"column\" data-e-type=\"column\">\n\t\t\t<div class=\"elementor-widget-wrap elementor-element-populated\">\n\t\t\t\t\t\t<div class=\"elementor-element elementor-element-3f76fb0 elementor-widget elementor-widget-spacer\" data-id=\"3f76fb0\" data-element_type=\"widget\" data-e-type=\"widget\" data-widget_type=\"spacer.default\">\n\t\t\t\t<div class=\"elementor-widget-container\">\n\t\t\t\t\t\t\t<div class=\"elementor-spacer\">\n\t\t\t<div class=\"elementor-spacer-inner\"><\/div>\n\t\t<\/div>\n\t\t\t\t\t\t<\/div>\n\t\t\t\t<\/div>\n\t\t\t\t<div class=\"elementor-element elementor-element-d54d0b3 elementor-widget elementor-widget-image\" data-id=\"d54d0b3\" data-element_type=\"widget\" data-e-type=\"widget\" data-widget_type=\"image.default\">\n\t\t\t\t<div class=\"elementor-widget-container\">\n\t\t\t\t\t\t\t\t\t\t\t\t\t\t\t<img fetchpriority=\"high\" decoding=\"async\" width=\"912\" height=\"483\" src=\"https:\/\/kfactory.eu\/wp-content\/uploads\/2025\/02\/System-integration02-min.jpg\" class=\"attachment-full size-full wp-image-18885\" alt=\"System integration\" srcset=\"https:\/\/kfactory.eu\/wp-content\/uploads\/2025\/02\/System-integration02-min.jpg 912w, https:\/\/kfactory.eu\/wp-content\/uploads\/2025\/02\/System-integration02-min-300x159.jpg 300w, https:\/\/kfactory.eu\/wp-content\/uploads\/2025\/02\/System-integration02-min-768x407.jpg 768w, https:\/\/kfactory.eu\/wp-content\/uploads\/2025\/02\/System-integration02-min-18x10.jpg 18w, https:\/\/kfactory.eu\/wp-content\/uploads\/2025\/02\/System-integration02-min-189x100.jpg 189w, https:\/\/kfactory.eu\/wp-content\/uploads\/2025\/02\/System-integration02-min-151x80.jpg 151w, https:\/\/kfactory.eu\/wp-content\/uploads\/2025\/02\/System-integration02-min-394x209.jpg 394w\" sizes=\"(max-width: 912px) 100vw, 912px\" \/>\t\t\t\t\t\t\t\t\t\t\t\t\t\t\t<\/div>\n\t\t\t\t<\/div>\n\t\t\t\t<section class=\"elementor-section elementor-inner-section elementor-element elementor-element-f3870a3 elementor-section-boxed elementor-section-height-default elementor-section-height-default\" data-id=\"f3870a3\" data-element_type=\"section\" data-e-type=\"section\" data-settings=\"{&quot;background_background&quot;:&quot;classic&quot;}\">\n\t\t\t\t\t\t<div class=\"elementor-container elementor-column-gap-default\">\n\t\t\t\t\t<div class=\"elementor-column elementor-col-100 elementor-inner-column elementor-element elementor-element-8763f14\" data-id=\"8763f14\" data-element_type=\"column\" data-e-type=\"column\">\n\t\t\t<div class=\"elementor-widget-wrap elementor-element-populated\">\n\t\t\t\t\t\t<div class=\"elementor-element elementor-element-9b215bd elementor-widget elementor-widget-heading\" data-id=\"9b215bd\" data-element_type=\"widget\" data-e-type=\"widget\" data-widget_type=\"heading.default\">\n\t\t\t\t<div class=\"elementor-widget-container\">\n\t\t\t\t\t<h2 class=\"elementor-heading-title elementor-size-default\">IoT-Integration<\/h2>\t\t\t\t<\/div>\n\t\t\t\t<\/div>\n\t\t\t\t<div class=\"elementor-element elementor-element-70f950d elementor-widget__width-auto elementor-widget elementor-widget-text-editor\" data-id=\"70f950d\" data-element_type=\"widget\" data-e-type=\"widget\" data-widget_type=\"text-editor.default\">\n\t\t\t\t<div class=\"elementor-widget-container\">\n\t\t\t\t\t\t\t\t\t<p>KFactory ist auf die nahtlose Anbindung einer gro\u00dfen Bandbreite industrieller Maschinen spezialisiert, um umfangreiche Daten zu erfassen und daraus belastbare Entscheidungsgrundlagen abzuleiten. In Zusammenarbeit mit den Industrieautomationsl\u00f6sungen von Advantech hat KFactory bereits Tausende von Maschinen unterschiedlichster Hersteller, Baujahre und Typen erfolgreich vernetzt.<\/p><p>Unser Integrationsspektrum umfasst zahlreiche Kommunikationsprotokolle, darunter OPC UA, Modbus, Ethernet\/IP, PROFINET und MQTT.<\/p><p>Wir verf\u00fcgen au\u00dferdem \u00fcber umfassende Erfahrung im Zusammenspiel mit SPS-Steuerungen (PLCs) namhafter Hersteller wie Siemens, Omron, Fatek, Allen-Bradley, Beckhoff, Delta, GE, Panasonic, Schneider und Mitsubishi. Dadurch k\u00f6nnen wir ein breites Maschinenspektrum anbinden, unabh\u00e4ngig von Alter und Fabrikat, und wertvolle Daten aus verschiedensten industriellen Umgebungen sammeln.<\/p><p>\u00dcber die reine Live-Datenerfassung hinaus beherrscht KFactory auch die Verarbeitung von maschinenseitig generierten Dateien wie CSV, TXT, XLS, XML und HTML. So lassen sich Berichte und Logdateien auswerten, um umfassende Informationen \u00fcber Produktionskennzahlen zu erhalten.<\/p><p>Dank dieser umfassenden Konnektivit\u00e4t erm\u00f6glicht KFactory Echtzeit\u00fcberwachung und -analyse von Maschinenleistung, Produktionsdaten und Wartungsanforderungen. Der datenbasierte Ansatz unterst\u00fctzt Hersteller bei fundierten Entscheidungen, optimierten Abl\u00e4ufen und h\u00f6herer Gesamtleistung.<\/p>\t\t\t\t\t\t\t\t<\/div>\n\t\t\t\t<\/div>\n\t\t\t\t\t<\/div>\n\t\t<\/div>\n\t\t\t\t\t<\/div>\n\t\t<\/section>\n\t\t\t\t<section class=\"elementor-section elementor-inner-section elementor-element elementor-element-1d99c7e elementor-section-boxed elementor-section-height-default elementor-section-height-default\" data-id=\"1d99c7e\" data-element_type=\"section\" data-e-type=\"section\" data-settings=\"{&quot;background_background&quot;:&quot;classic&quot;}\">\n\t\t\t\t\t\t<div class=\"elementor-container elementor-column-gap-default\">\n\t\t\t\t\t<div class=\"elementor-column elementor-col-100 elementor-inner-column elementor-element elementor-element-26a9349\" data-id=\"26a9349\" data-element_type=\"column\" data-e-type=\"column\">\n\t\t\t<div class=\"elementor-widget-wrap elementor-element-populated\">\n\t\t\t\t\t\t<div class=\"elementor-element elementor-element-59149ec elementor-widget elementor-widget-heading\" data-id=\"59149ec\" data-element_type=\"widget\" data-e-type=\"widget\" data-widget_type=\"heading.default\">\n\t\t\t\t<div class=\"elementor-widget-container\">\n\t\t\t\t\t<h2 class=\"elementor-heading-title elementor-size-default\">IT-Systemintegration<\/h2>\t\t\t\t<\/div>\n\t\t\t\t<\/div>\n\t\t\t\t<div class=\"elementor-element elementor-element-a93d45a elementor-widget__width-auto elementor-widget elementor-widget-text-editor\" data-id=\"a93d45a\" data-element_type=\"widget\" data-e-type=\"widget\" data-widget_type=\"text-editor.default\">\n\t\t\t\t<div class=\"elementor-widget-container\">\n\t\t\t\t\t\t\t\t\t<p>KFactory vernetzt sich reibungslos mit einer Vielzahl von Unternehmensanwendungen, um Daten kontextbezogen zu analysieren und fundierte Entscheidungen zu treffen. Unsere Plattform bietet leistungsstarke Konnektoren f\u00fcr IT-Systeme wie ERP (Enterprise Resource Planning), WMS (Warehouse Management Systems), MES (Manufacturing Execution Systems) sowie Wartungs- und Qualit\u00e4tsmanagementl\u00f6sungen.<\/p><p>Standardm\u00e4\u00dfig unterst\u00fctzt KFactory die Integration mit Microsoft Dynamics NAV und Microsoft Business Central, sodass Unternehmensabl\u00e4ufe und Finanzprozesse in Echtzeit aufeinander abgestimmt werden k\u00f6nnen.<\/p><p>Dar\u00fcber hinaus stehen Standard-Datenkonnektoren f\u00fcr Formate wie CSV, TXT, XLS, XML und HTML zur Verf\u00fcgung, was einen effizienten Datenaustausch mit verschiedensten Systemen erm\u00f6glicht.<\/p><p>F\u00fcr individuelle Integrationsanforderungen stellt KFactory eine sichere API f\u00fcr den Datentransfer via Webservices bereit. Dies sorgt daf\u00fcr, dass alle Abteilungen mit aktuellen Informationen arbeiten und Fehler oder Missverst\u00e4ndnisse vermieden werden.<\/p><p>Durch die Integration mit diesen Systemen baut KFactory Datensilos ab und erh\u00f6ht die Datenqualit\u00e4t und -konsistenz im gesamten Unternehmen.<\/p>\t\t\t\t\t\t\t\t<\/div>\n\t\t\t\t<\/div>\n\t\t\t\t\t<\/div>\n\t\t<\/div>\n\t\t\t\t\t<\/div>\n\t\t<\/section>\n\t\t\t\t<div class=\"elementor-element elementor-element-662d56e elementor-widget elementor-widget-spacer\" data-id=\"662d56e\" data-element_type=\"widget\" data-e-type=\"widget\" data-widget_type=\"spacer.default\">\n\t\t\t\t<div class=\"elementor-widget-container\">\n\t\t\t\t\t\t\t<div class=\"elementor-spacer\">\n\t\t\t<div class=\"elementor-spacer-inner\"><\/div>\n\t\t<\/div>\n\t\t\t\t\t\t<\/div>\n\t\t\t\t<\/div>\n\t\t\t\t<div class=\"elementor-element elementor-element-3fd3d8c elementor-widget elementor-widget-spacer\" data-id=\"3fd3d8c\" data-element_type=\"widget\" data-e-type=\"widget\" data-widget_type=\"spacer.default\">\n\t\t\t\t<div class=\"elementor-widget-container\">\n\t\t\t\t\t\t\t<div class=\"elementor-spacer\">\n\t\t\t<div class=\"elementor-spacer-inner\"><\/div>\n\t\t<\/div>\n\t\t\t\t\t\t<\/div>\n\t\t\t\t<\/div>\n\t\t\t\t\t<\/div>\n\t\t<\/div>\n\t\t\t\t\t<\/div>\n\t\t<\/section>\n\t\t\t\t<\/div>","protected":false},"excerpt":{"rendered":"<p>Integration IoT Integration KFactory&#8217;s expertise in IoT enables seamless connectivity across a diverse array of industrial machinery, facilitating comprehensive data collection and analysis to enhance decision-making processes. Leveraging Advantech&#8217;s industrial automation products, KFactory has successfully connected thousands of machines from &hellip; <a href=\"https:\/\/kfactory.eu\/de\/features\/integration\/\">Mehr erfahren<\/a><\/p>","protected":false},"author":2,"featured_media":0,"parent":18132,"menu_order":0,"comment_status":"closed","ping_status":"closed","template":"","meta":{"content-type":"","footnotes":""},"categories":[],"tags":[],"class_list":["post-18121","page","type-page","status-publish","hentry"],"yoast_head":"<!-- This site is optimized with the Yoast SEO Premium plugin v25.2 (Yoast SEO v27.5) - https:\/\/yoast.com\/product\/yoast-seo-premium-wordpress\/ -->\n<title>KFactory: Seamless IoT Integration for Industrial Machinery<\/title>\n<meta name=\"description\" content=\"KFactory\u2019s expertise in IoT enables seamless connectivity across a diverse array ofmachinery, facilitating comprehensive data collection.\" \/>\n<meta name=\"robots\" content=\"index, follow, max-snippet:-1, max-image-preview:large, max-video-preview:-1\" \/>\n<link rel=\"canonical\" href=\"https:\/\/kfactory.eu\/de\/features\/integration\/\" \/>\n<meta property=\"og:locale\" content=\"de_DE\" \/>\n<meta property=\"og:type\" content=\"article\" \/>\n<meta property=\"og:title\" content=\"KFactory Integration\" \/>\n<meta property=\"og:description\" content=\"KFactory Integration\" \/>\n<meta property=\"og:url\" content=\"https:\/\/kfactory.eu\/de\/features\/integration\/\" \/>\n<meta property=\"og:site_name\" content=\"KFactory\" \/>\n<meta property=\"article:publisher\" content=\"https:\/\/www.facebook.com\/people\/KFactory\/100064137339029\/\" \/>\n<meta property=\"article:modified_time\" content=\"2025-11-27T16:47:32+00:00\" \/>\n<meta property=\"og:image\" content=\"https:\/\/kfactory.eu\/wp-content\/uploads\/2025\/02\/System-integration02-min.jpg\" \/>\n<meta name=\"twitter:card\" content=\"summary_large_image\" \/>\n<meta name=\"twitter:title\" content=\"KFactory Integration\" \/>\n<meta name=\"twitter:description\" content=\"KFactory Integration\" \/>\n<meta name=\"twitter:label1\" content=\"Gesch\u00e4tzte Lesezeit\" \/>\n\t<meta name=\"twitter:data1\" content=\"2\u00a0Minuten\" \/>\n<script type=\"application\/ld+json\" class=\"yoast-schema-graph\">{\"@context\":\"https:\\\/\\\/schema.org\",\"@graph\":[{\"@type\":\"WebPage\",\"@id\":\"https:\\\/\\\/kfactory.eu\\\/features\\\/integration\\\/\",\"url\":\"https:\\\/\\\/kfactory.eu\\\/features\\\/integration\\\/\",\"name\":\"KFactory: Seamless IoT Integration for Industrial Machinery\",\"isPartOf\":{\"@id\":\"https:\\\/\\\/kfactory.eu\\\/#website\"},\"primaryImageOfPage\":{\"@id\":\"https:\\\/\\\/kfactory.eu\\\/features\\\/integration\\\/#primaryimage\"},\"image\":{\"@id\":\"https:\\\/\\\/kfactory.eu\\\/features\\\/integration\\\/#primaryimage\"},\"thumbnailUrl\":\"https:\\\/\\\/kfactory.eu\\\/wp-content\\\/uploads\\\/2025\\\/02\\\/System-integration02-min.jpg\",\"datePublished\":\"2025-01-13T09:13:01+00:00\",\"dateModified\":\"2025-11-27T16:47:32+00:00\",\"description\":\"KFactory\u2019s expertise in IoT enables seamless connectivity across a diverse array ofmachinery, facilitating comprehensive data collection.\",\"breadcrumb\":{\"@id\":\"https:\\\/\\\/kfactory.eu\\\/features\\\/integration\\\/#breadcrumb\"},\"inLanguage\":\"de\",\"potentialAction\":[{\"@type\":\"ReadAction\",\"target\":[\"https:\\\/\\\/kfactory.eu\\\/features\\\/integration\\\/\"]}]},{\"@type\":\"ImageObject\",\"inLanguage\":\"de\",\"@id\":\"https:\\\/\\\/kfactory.eu\\\/features\\\/integration\\\/#primaryimage\",\"url\":\"https:\\\/\\\/kfactory.eu\\\/wp-content\\\/uploads\\\/2025\\\/02\\\/System-integration02-min.jpg\",\"contentUrl\":\"https:\\\/\\\/kfactory.eu\\\/wp-content\\\/uploads\\\/2025\\\/02\\\/System-integration02-min.jpg\"},{\"@type\":\"BreadcrumbList\",\"@id\":\"https:\\\/\\\/kfactory.eu\\\/features\\\/integration\\\/#breadcrumb\",\"itemListElement\":[{\"@type\":\"ListItem\",\"position\":1,\"name\":\"Home\",\"item\":\"https:\\\/\\\/kfactory.eu\\\/\"},{\"@type\":\"ListItem\",\"position\":2,\"name\":\"Features\",\"item\":\"https:\\\/\\\/kfactory.eu\\\/features\\\/\"},{\"@type\":\"ListItem\",\"position\":3,\"name\":\"Integration\"}]},{\"@type\":\"WebSite\",\"@id\":\"https:\\\/\\\/kfactory.eu\\\/#website\",\"url\":\"https:\\\/\\\/kfactory.eu\\\/\",\"name\":\"KFactory\",\"description\":\"All about operational performance\",\"publisher\":{\"@id\":\"https:\\\/\\\/kfactory.eu\\\/#organization\"},\"potentialAction\":[{\"@type\":\"SearchAction\",\"target\":{\"@type\":\"EntryPoint\",\"urlTemplate\":\"https:\\\/\\\/kfactory.eu\\\/?s={search_term_string}\"},\"query-input\":{\"@type\":\"PropertyValueSpecification\",\"valueRequired\":true,\"valueName\":\"search_term_string\"}}],\"inLanguage\":\"de\"},{\"@type\":\"Organization\",\"@id\":\"https:\\\/\\\/kfactory.eu\\\/#organization\",\"name\":\"KFactory\",\"url\":\"https:\\\/\\\/kfactory.eu\\\/\",\"logo\":{\"@type\":\"ImageObject\",\"inLanguage\":\"de\",\"@id\":\"https:\\\/\\\/kfactory.eu\\\/#\\\/schema\\\/logo\\\/image\\\/\",\"url\":\"https:\\\/\\\/kfactory.eu\\\/wp-content\\\/uploads\\\/2024\\\/03\\\/cropped-logo-KFactory004-min.png\",\"contentUrl\":\"https:\\\/\\\/kfactory.eu\\\/wp-content\\\/uploads\\\/2024\\\/03\\\/cropped-logo-KFactory004-min.png\",\"width\":150,\"height\":93,\"caption\":\"KFactory\"},\"image\":{\"@id\":\"https:\\\/\\\/kfactory.eu\\\/#\\\/schema\\\/logo\\\/image\\\/\"},\"sameAs\":[\"https:\\\/\\\/www.facebook.com\\\/people\\\/KFactory\\\/100064137339029\\\/\"]}]}<\/script>\n<!-- \/ Yoast SEO Premium plugin. -->","yoast_head_json":{"title":"KFactory: Seamless IoT Integration for Industrial Machinery","description":"KFactory\u2019s expertise in IoT enables seamless connectivity across a diverse array ofmachinery, facilitating comprehensive data collection.","robots":{"index":"index","follow":"follow","max-snippet":"max-snippet:-1","max-image-preview":"max-image-preview:large","max-video-preview":"max-video-preview:-1"},"canonical":"https:\/\/kfactory.eu\/de\/features\/integration\/","og_locale":"de_DE","og_type":"article","og_title":"KFactory Integration","og_description":"KFactory Integration","og_url":"https:\/\/kfactory.eu\/de\/features\/integration\/","og_site_name":"KFactory","article_publisher":"https:\/\/www.facebook.com\/people\/KFactory\/100064137339029\/","article_modified_time":"2025-11-27T16:47:32+00:00","og_image":[{"url":"https:\/\/kfactory.eu\/wp-content\/uploads\/2025\/02\/System-integration02-min.jpg","type":"","width":"","height":""}],"twitter_card":"summary_large_image","twitter_title":"KFactory Integration","twitter_description":"KFactory Integration","twitter_misc":{"Gesch\u00e4tzte Lesezeit":"2\u00a0Minuten"},"schema":{"@context":"https:\/\/schema.org","@graph":[{"@type":"WebPage","@id":"https:\/\/kfactory.eu\/features\/integration\/","url":"https:\/\/kfactory.eu\/features\/integration\/","name":"KFactory: Seamless IoT Integration for Industrial Machinery","isPartOf":{"@id":"https:\/\/kfactory.eu\/#website"},"primaryImageOfPage":{"@id":"https:\/\/kfactory.eu\/features\/integration\/#primaryimage"},"image":{"@id":"https:\/\/kfactory.eu\/features\/integration\/#primaryimage"},"thumbnailUrl":"https:\/\/kfactory.eu\/wp-content\/uploads\/2025\/02\/System-integration02-min.jpg","datePublished":"2025-01-13T09:13:01+00:00","dateModified":"2025-11-27T16:47:32+00:00","description":"KFactory\u2019s expertise in IoT enables seamless connectivity across a diverse array ofmachinery, facilitating comprehensive data collection.","breadcrumb":{"@id":"https:\/\/kfactory.eu\/features\/integration\/#breadcrumb"},"inLanguage":"de","potentialAction":[{"@type":"ReadAction","target":["https:\/\/kfactory.eu\/features\/integration\/"]}]},{"@type":"ImageObject","inLanguage":"de","@id":"https:\/\/kfactory.eu\/features\/integration\/#primaryimage","url":"https:\/\/kfactory.eu\/wp-content\/uploads\/2025\/02\/System-integration02-min.jpg","contentUrl":"https:\/\/kfactory.eu\/wp-content\/uploads\/2025\/02\/System-integration02-min.jpg"},{"@type":"BreadcrumbList","@id":"https:\/\/kfactory.eu\/features\/integration\/#breadcrumb","itemListElement":[{"@type":"ListItem","position":1,"name":"Home","item":"https:\/\/kfactory.eu\/"},{"@type":"ListItem","position":2,"name":"Features","item":"https:\/\/kfactory.eu\/features\/"},{"@type":"ListItem","position":3,"name":"Integration"}]},{"@type":"WebSite","@id":"https:\/\/kfactory.eu\/#website","url":"https:\/\/kfactory.eu\/","name":"die KFactory-Plattform","description":"All about operational performance","publisher":{"@id":"https:\/\/kfactory.eu\/#organization"},"potentialAction":[{"@type":"SearchAction","target":{"@type":"EntryPoint","urlTemplate":"https:\/\/kfactory.eu\/?s={search_term_string}"},"query-input":{"@type":"PropertyValueSpecification","valueRequired":true,"valueName":"search_term_string"}}],"inLanguage":"de"},{"@type":"Organization","@id":"https:\/\/kfactory.eu\/#organization","name":"die KFactory-Plattform","url":"https:\/\/kfactory.eu\/","logo":{"@type":"ImageObject","inLanguage":"de","@id":"https:\/\/kfactory.eu\/#\/schema\/logo\/image\/","url":"https:\/\/kfactory.eu\/wp-content\/uploads\/2024\/03\/cropped-logo-KFactory004-min.png","contentUrl":"https:\/\/kfactory.eu\/wp-content\/uploads\/2024\/03\/cropped-logo-KFactory004-min.png","width":150,"height":93,"caption":"KFactory"},"image":{"@id":"https:\/\/kfactory.eu\/#\/schema\/logo\/image\/"},"sameAs":["https:\/\/www.facebook.com\/people\/KFactory\/100064137339029\/"]}]}},"_links":{"self":[{"href":"https:\/\/kfactory.eu\/de\/wp-json\/wp\/v2\/pages\/18121","targetHints":{"allow":["GET"]}}],"collection":[{"href":"https:\/\/kfactory.eu\/de\/wp-json\/wp\/v2\/pages"}],"about":[{"href":"https:\/\/kfactory.eu\/de\/wp-json\/wp\/v2\/types\/page"}],"author":[{"embeddable":true,"href":"https:\/\/kfactory.eu\/de\/wp-json\/wp\/v2\/users\/2"}],"replies":[{"embeddable":true,"href":"https:\/\/kfactory.eu\/de\/wp-json\/wp\/v2\/comments?post=18121"}],"version-history":[{"count":10,"href":"https:\/\/kfactory.eu\/de\/wp-json\/wp\/v2\/pages\/18121\/revisions"}],"predecessor-version":[{"id":20505,"href":"https:\/\/kfactory.eu\/de\/wp-json\/wp\/v2\/pages\/18121\/revisions\/20505"}],"up":[{"embeddable":true,"href":"https:\/\/kfactory.eu\/de\/wp-json\/wp\/v2\/pages\/18132"}],"wp:attachment":[{"href":"https:\/\/kfactory.eu\/de\/wp-json\/wp\/v2\/media?parent=18121"}],"wp:term":[{"taxonomy":"category","embeddable":true,"href":"https:\/\/kfactory.eu\/de\/wp-json\/wp\/v2\/categories?post=18121"},{"taxonomy":"post_tag","embeddable":true,"href":"https:\/\/kfactory.eu\/de\/wp-json\/wp\/v2\/tags?post=18121"}],"curies":[{"name":"wp","href":"https:\/\/api.w.org\/{rel}","templated":true}]}}