{"id":18119,"date":"2025-01-13T09:07:33","date_gmt":"2025-01-13T09:07:33","guid":{"rendered":"https:\/\/kfactory.eu\/?page_id=18119"},"modified":"2025-11-27T16:46:58","modified_gmt":"2025-11-27T16:46:58","slug":"knowledge-management","status":"publish","type":"page","link":"https:\/\/kfactory.eu\/de\/features\/knowledge-management\/","title":{"rendered":"Wissensmanagement"},"content":{"rendered":"<div data-elementor-type=\"wp-page\" data-elementor-id=\"18119\" class=\"elementor elementor-18119\" data-elementor-post-type=\"page\">\n\t\t\t\t\t\t<section class=\"elementor-section elementor-top-section elementor-element elementor-element-b2eb366 elementor-section-boxed elementor-section-height-default elementor-section-height-default\" data-id=\"b2eb366\" data-element_type=\"section\" data-e-type=\"section\" data-settings=\"{&quot;background_background&quot;:&quot;classic&quot;}\">\n\t\t\t\t\t\t<div class=\"elementor-container elementor-column-gap-default\">\n\t\t\t\t\t<div class=\"elementor-column elementor-col-100 elementor-top-column elementor-element elementor-element-fe4ca9e\" data-id=\"fe4ca9e\" data-element_type=\"column\" data-e-type=\"column\">\n\t\t\t<div class=\"elementor-widget-wrap elementor-element-populated\">\n\t\t\t\t\t\t<div class=\"elementor-element elementor-element-a20f09d elementor-widget elementor-widget-spacer\" data-id=\"a20f09d\" data-element_type=\"widget\" data-e-type=\"widget\" data-widget_type=\"spacer.default\">\n\t\t\t\t<div class=\"elementor-widget-container\">\n\t\t\t\t\t\t\t<div class=\"elementor-spacer\">\n\t\t\t<div class=\"elementor-spacer-inner\"><\/div>\n\t\t<\/div>\n\t\t\t\t\t\t<\/div>\n\t\t\t\t<\/div>\n\t\t\t\t<section class=\"elementor-section elementor-inner-section elementor-element elementor-element-9566c59 elementor-section-boxed elementor-section-height-default elementor-section-height-default\" data-id=\"9566c59\" data-element_type=\"section\" data-e-type=\"section\" data-settings=\"{&quot;background_background&quot;:&quot;classic&quot;}\">\n\t\t\t\t\t\t<div class=\"elementor-container elementor-column-gap-default\">\n\t\t\t\t\t<div class=\"elementor-column elementor-col-100 elementor-inner-column elementor-element elementor-element-980f035\" data-id=\"980f035\" data-element_type=\"column\" data-e-type=\"column\">\n\t\t\t<div class=\"elementor-widget-wrap elementor-element-populated\">\n\t\t\t\t\t\t<div class=\"elementor-element elementor-element-4f67e88 elementor-widget elementor-widget-heading\" data-id=\"4f67e88\" data-element_type=\"widget\" data-e-type=\"widget\" data-widget_type=\"heading.default\">\n\t\t\t\t<div class=\"elementor-widget-container\">\n\t\t\t\t\t<h1 class=\"elementor-heading-title elementor-size-default\">Wissensmanagement<\/h1>\t\t\t\t<\/div>\n\t\t\t\t<\/div>\n\t\t\t\t\t<\/div>\n\t\t<\/div>\n\t\t\t\t\t<\/div>\n\t\t<\/section>\n\t\t\t\t<div class=\"elementor-element elementor-element-e5849e6 elementor-widget elementor-widget-spacer\" data-id=\"e5849e6\" data-element_type=\"widget\" data-e-type=\"widget\" data-widget_type=\"spacer.default\">\n\t\t\t\t<div class=\"elementor-widget-container\">\n\t\t\t\t\t\t\t<div class=\"elementor-spacer\">\n\t\t\t<div class=\"elementor-spacer-inner\"><\/div>\n\t\t<\/div>\n\t\t\t\t\t\t<\/div>\n\t\t\t\t<\/div>\n\t\t\t\t\t<\/div>\n\t\t<\/div>\n\t\t\t\t\t<\/div>\n\t\t<\/section>\n\t\t\t\t<section class=\"elementor-section elementor-top-section elementor-element elementor-element-2731a0a elementor-section-boxed elementor-section-height-default elementor-section-height-default\" data-id=\"2731a0a\" data-element_type=\"section\" data-e-type=\"section\" data-settings=\"{&quot;background_background&quot;:&quot;classic&quot;}\">\n\t\t\t\t\t\t<div class=\"elementor-container elementor-column-gap-default\">\n\t\t\t\t\t<div class=\"elementor-column elementor-col-100 elementor-top-column elementor-element elementor-element-59f84f3\" data-id=\"59f84f3\" data-element_type=\"column\" data-e-type=\"column\">\n\t\t\t<div class=\"elementor-widget-wrap elementor-element-populated\">\n\t\t\t\t\t\t<div class=\"elementor-element elementor-element-a4064fb elementor-widget elementor-widget-spacer\" data-id=\"a4064fb\" data-element_type=\"widget\" data-e-type=\"widget\" data-widget_type=\"spacer.default\">\n\t\t\t\t<div class=\"elementor-widget-container\">\n\t\t\t\t\t\t\t<div class=\"elementor-spacer\">\n\t\t\t<div class=\"elementor-spacer-inner\"><\/div>\n\t\t<\/div>\n\t\t\t\t\t\t<\/div>\n\t\t\t\t<\/div>\n\t\t\t\t<div class=\"elementor-element elementor-element-5796ff5 elementor-widget elementor-widget-image\" data-id=\"5796ff5\" data-element_type=\"widget\" data-e-type=\"widget\" data-widget_type=\"image.default\">\n\t\t\t\t<div class=\"elementor-widget-container\">\n\t\t\t\t\t\t\t\t\t\t\t\t\t\t\t<img fetchpriority=\"high\" decoding=\"async\" width=\"912\" height=\"483\" src=\"https:\/\/kfactory.eu\/wp-content\/uploads\/2025\/02\/Knowledge-Management02-min.jpg\" class=\"attachment-full size-full wp-image-18889\" alt=\"Knowledge Management\" srcset=\"https:\/\/kfactory.eu\/wp-content\/uploads\/2025\/02\/Knowledge-Management02-min.jpg 912w, https:\/\/kfactory.eu\/wp-content\/uploads\/2025\/02\/Knowledge-Management02-min-300x159.jpg 300w, https:\/\/kfactory.eu\/wp-content\/uploads\/2025\/02\/Knowledge-Management02-min-768x407.jpg 768w, https:\/\/kfactory.eu\/wp-content\/uploads\/2025\/02\/Knowledge-Management02-min-18x10.jpg 18w, https:\/\/kfactory.eu\/wp-content\/uploads\/2025\/02\/Knowledge-Management02-min-189x100.jpg 189w, https:\/\/kfactory.eu\/wp-content\/uploads\/2025\/02\/Knowledge-Management02-min-151x80.jpg 151w, https:\/\/kfactory.eu\/wp-content\/uploads\/2025\/02\/Knowledge-Management02-min-394x209.jpg 394w\" sizes=\"(max-width: 912px) 100vw, 912px\" \/>\t\t\t\t\t\t\t\t\t\t\t\t\t\t\t<\/div>\n\t\t\t\t<\/div>\n\t\t\t\t<section class=\"elementor-section elementor-inner-section elementor-element elementor-element-2e3907b elementor-section-boxed elementor-section-height-default elementor-section-height-default\" data-id=\"2e3907b\" data-element_type=\"section\" data-e-type=\"section\" data-settings=\"{&quot;background_background&quot;:&quot;classic&quot;}\">\n\t\t\t\t\t\t<div class=\"elementor-container elementor-column-gap-default\">\n\t\t\t\t\t<div class=\"elementor-column elementor-col-100 elementor-inner-column elementor-element elementor-element-a39267b\" data-id=\"a39267b\" data-element_type=\"column\" data-e-type=\"column\">\n\t\t\t<div class=\"elementor-widget-wrap elementor-element-populated\">\n\t\t\t\t\t\t<div class=\"elementor-element elementor-element-4420fb9 elementor-widget elementor-widget-heading\" data-id=\"4420fb9\" data-element_type=\"widget\" data-e-type=\"widget\" data-widget_type=\"heading.default\">\n\t\t\t\t<div class=\"elementor-widget-container\">\n\t\t\t\t\t<h2 class=\"elementor-heading-title elementor-size-default\">Wissensdatenbank<\/h2>\t\t\t\t<\/div>\n\t\t\t\t<\/div>\n\t\t\t\t<div class=\"elementor-element elementor-element-380235b elementor-widget__width-auto elementor-widget elementor-widget-text-editor\" data-id=\"380235b\" data-element_type=\"widget\" data-e-type=\"widget\" data-widget_type=\"text-editor.default\">\n\t\t\t\t<div class=\"elementor-widget-container\">\n\t\t\t\t\t\t\t\t\t<p>Die KFactory-Wissensdatenbank, gesteuert durch die Virtual Engineers, ver\u00e4ndert grundlegend, wie Fertigungsteams auf interne Dokumente zugreifen und diese verwalten. Mithilfe fortschrittlicher KI werden diverse Dokumente \u2013 von internen Prozessen \u00fcber Wartungsanleitungen bis hin zu technischen Zeichnungen \u2013 automatisch klassifiziert und zur Abfrage in Alltagssprache bereitgestellt. Dieser intuitive Ansatz beschleunigt die Informationssuche, verringert Suchzeiten und steigert die Effizienz im Arbeitsalltag.<\/p><p>Durch KI-gest\u00fctzte Dokumentenklassifizierung wird sichergestellt, dass alle Unterlagen systematisch organisiert sind, was den schnellen Zugriff erleichtert und ein effektives Wissensmanagement f\u00f6rdert. Zudem sinkt das Fehlerrisiko, das bei manueller Dokumentenverwaltung oft entsteht.<\/p><p>Die virtuelle, dialogf\u00e4hige Benutzeroberfl\u00e4che der Virtual Engineers erlaubt eine m\u00fchelose Interaktion mit der Wissensdatenbank. Ganz gleich, ob spezifische Wartungsprozeduren oder detaillierte Zeichnungen ben\u00f6tigt werden \u2013 die gew\u00fcnschten Informationen stehen sofort zur Verf\u00fcgung, was fundierte Entscheidungen und rasche Probleml\u00f6sungen beg\u00fcnstigt.<\/p>\t\t\t\t\t\t\t\t<\/div>\n\t\t\t\t<\/div>\n\t\t\t\t\t<\/div>\n\t\t<\/div>\n\t\t\t\t\t<\/div>\n\t\t<\/section>\n\t\t\t\t<section class=\"elementor-section elementor-inner-section elementor-element elementor-element-c71dfd7 elementor-section-boxed elementor-section-height-default elementor-section-height-default\" data-id=\"c71dfd7\" data-element_type=\"section\" data-e-type=\"section\" data-settings=\"{&quot;background_background&quot;:&quot;classic&quot;}\">\n\t\t\t\t\t\t<div class=\"elementor-container elementor-column-gap-default\">\n\t\t\t\t\t<div class=\"elementor-column elementor-col-100 elementor-inner-column elementor-element elementor-element-f915820\" data-id=\"f915820\" data-element_type=\"column\" data-e-type=\"column\">\n\t\t\t<div class=\"elementor-widget-wrap elementor-element-populated\">\n\t\t\t\t\t\t<div class=\"elementor-element elementor-element-2213783 elementor-widget elementor-widget-heading\" data-id=\"2213783\" data-element_type=\"widget\" data-e-type=\"widget\" data-widget_type=\"heading.default\">\n\t\t\t\t<div class=\"elementor-widget-container\">\n\t\t\t\t\t<h2 class=\"elementor-heading-title elementor-size-default\">Automatisierte Erkennung von Zeichnungssymbolen<\/h2>\t\t\t\t<\/div>\n\t\t\t\t<\/div>\n\t\t\t\t<div class=\"elementor-element elementor-element-fb473a4 elementor-widget__width-auto elementor-widget elementor-widget-text-editor\" data-id=\"fb473a4\" data-element_type=\"widget\" data-e-type=\"widget\" data-widget_type=\"text-editor.default\">\n\t\t\t\t<div class=\"elementor-widget-container\">\n\t\t\t\t\t\t\t\t\t<p>KFactory verf\u00fcgt \u00fcber eine spezialisierte Funktion, die das Auslesen von technischen Zeichnungen deutlich vereinfacht, indem Symbole und Informationen automatisch erkannt und extrahiert werden. Das ist besonders wertvoll f\u00fcr Hersteller, die t\u00e4glich mit gro\u00dfen Mengen an technischen Unterlagen arbeiten, und tr\u00e4gt in den Bereichen Vertrieb und Wartung ma\u00dfgeblich zur Effizienzsteigerung bei.<\/p><p>Im Vertrieb k\u00f6nnen Blueprints von Kunden rasch analysiert werden, um Anforderungen genau zu verstehen und darauf basierende Angebote zu erstellen. So werden Spezifikationen schneller und pr\u00e4ziser erfasst, was zu wettbewerbsf\u00e4higen Angeboten f\u00fchrt.<\/p><p>In der Wartung erleichtert diese Funktion die detaillierte Einsicht in Anlagenkomponenten und deren Spezifikationen. Wartungsteams k\u00f6nnen schneller auf technische Layouts, Ma\u00dfangaben und Betriebsanforderungen zugreifen, was eine z\u00fcgige Fehlerbehebung und Einhaltung technischer Standards f\u00f6rdert.<\/p><p>KFactory setzt eigens entwickelte KI-Algorithmen ein, um Zeichnungen schnell und pr\u00e4zise auszuwerten. Diese Algorithmen werden t\u00e4glich mit neuen Symbolen trainiert, damit das System stets an sich \u00e4ndernde Branchenstandards und kundenspezifische Anforderungen angepasst bleibt.<\/p><p>Durch die Integration dieser Funktionalit\u00e4t k\u00f6nnen Hersteller manuelle Interpretationsfehler erheblich reduzieren, Dokumente schneller verarbeiten und ein umfassendes digitales Archiv technischer Zeichnungen f\u00fchren.<\/p>\t\t\t\t\t\t\t\t<\/div>\n\t\t\t\t<\/div>\n\t\t\t\t\t<\/div>\n\t\t<\/div>\n\t\t\t\t\t<\/div>\n\t\t<\/section>\n\t\t\t\t<div class=\"elementor-element elementor-element-21f2bb0 elementor-widget elementor-widget-spacer\" data-id=\"21f2bb0\" data-element_type=\"widget\" data-e-type=\"widget\" data-widget_type=\"spacer.default\">\n\t\t\t\t<div class=\"elementor-widget-container\">\n\t\t\t\t\t\t\t<div class=\"elementor-spacer\">\n\t\t\t<div class=\"elementor-spacer-inner\"><\/div>\n\t\t<\/div>\n\t\t\t\t\t\t<\/div>\n\t\t\t\t<\/div>\n\t\t\t\t<div class=\"elementor-element elementor-element-61b6cd0 elementor-widget elementor-widget-spacer\" data-id=\"61b6cd0\" data-element_type=\"widget\" data-e-type=\"widget\" data-widget_type=\"spacer.default\">\n\t\t\t\t<div class=\"elementor-widget-container\">\n\t\t\t\t\t\t\t<div class=\"elementor-spacer\">\n\t\t\t<div class=\"elementor-spacer-inner\"><\/div>\n\t\t<\/div>\n\t\t\t\t\t\t<\/div>\n\t\t\t\t<\/div>\n\t\t\t\t<div class=\"elementor-element elementor-element-c37290c elementor-widget elementor-widget-spacer\" data-id=\"c37290c\" data-element_type=\"widget\" data-e-type=\"widget\" data-widget_type=\"spacer.default\">\n\t\t\t\t<div class=\"elementor-widget-container\">\n\t\t\t\t\t\t\t<div class=\"elementor-spacer\">\n\t\t\t<div class=\"elementor-spacer-inner\"><\/div>\n\t\t<\/div>\n\t\t\t\t\t\t<\/div>\n\t\t\t\t<\/div>\n\t\t\t\t\t<\/div>\n\t\t<\/div>\n\t\t\t\t\t<\/div>\n\t\t<\/section>\n\t\t\t\t<\/div>","protected":false},"excerpt":{"rendered":"<p>Knowledge management Knowledge base KFactory&#8217;s Knowledge Base, powered by its Virtual Engineers, revolutionizes the way manufacturing teams access and manage internal documents. Utilizing advanced AI, it classifies and retrieves a wide array of documentsu2014including internal procedures, maintenance manuals, and blueprintsu2014allowing &hellip; <a href=\"https:\/\/kfactory.eu\/de\/features\/knowledge-management\/\">Mehr erfahren<\/a><\/p>","protected":false},"author":2,"featured_media":0,"parent":18132,"menu_order":0,"comment_status":"closed","ping_status":"closed","template":"","meta":{"content-type":"","footnotes":""},"categories":[],"tags":[],"class_list":["post-18119","page","type-page","status-publish","hentry"],"yoast_head":"<!-- This site is optimized with the Yoast SEO Premium plugin v25.2 (Yoast SEO v27.5) - https:\/\/yoast.com\/product\/yoast-seo-premium-wordpress\/ -->\n<title>Revolutionary Knowledge Management Solutions | KFactory<\/title>\n<meta name=\"description\" content=\"Transform how your team accesses documents with KFactory&#039;s AI-driven Knowledge Management. Optimize efficiency and decision-making today!\u200b\u200b\" \/>\n<meta name=\"robots\" content=\"index, follow, max-snippet:-1, max-image-preview:large, max-video-preview:-1\" \/>\n<link rel=\"canonical\" href=\"https:\/\/kfactory.eu\/de\/features\/knowledge-management\/\" \/>\n<meta property=\"og:locale\" content=\"de_DE\" \/>\n<meta property=\"og:type\" content=\"article\" \/>\n<meta property=\"og:title\" content=\"Transform Your Team\u2019s Knowledge Management with KFactory\" \/>\n<meta property=\"og:description\" content=\"Enhance your operational efficiency with KFactory\u2019s innovative Knowledge Base.\" \/>\n<meta property=\"og:url\" content=\"https:\/\/kfactory.eu\/de\/features\/knowledge-management\/\" \/>\n<meta property=\"og:site_name\" content=\"KFactory\" \/>\n<meta property=\"article:publisher\" content=\"https:\/\/www.facebook.com\/people\/KFactory\/100064137339029\/\" \/>\n<meta property=\"article:modified_time\" content=\"2025-11-27T16:46:58+00:00\" \/>\n<meta property=\"og:image\" content=\"https:\/\/kfactory.eu\/wp-content\/uploads\/2025\/02\/Knowledge-Management02-min.jpg\" \/>\n<meta name=\"twitter:card\" content=\"summary_large_image\" \/>\n<meta name=\"twitter:title\" content=\"KFactory Knowledge Management\" \/>\n<meta name=\"twitter:description\" content=\"KFactory Knowledge Management\" \/>\n<meta name=\"twitter:label1\" content=\"Gesch\u00e4tzte Lesezeit\" \/>\n\t<meta name=\"twitter:data1\" content=\"2\u00a0Minuten\" \/>\n<script type=\"application\/ld+json\" class=\"yoast-schema-graph\">{\"@context\":\"https:\\\/\\\/schema.org\",\"@graph\":[{\"@type\":\"WebPage\",\"@id\":\"https:\\\/\\\/kfactory.eu\\\/features\\\/knowledge-management\\\/\",\"url\":\"https:\\\/\\\/kfactory.eu\\\/features\\\/knowledge-management\\\/\",\"name\":\"Revolutionary Knowledge Management Solutions | KFactory\",\"isPartOf\":{\"@id\":\"https:\\\/\\\/kfactory.eu\\\/#website\"},\"primaryImageOfPage\":{\"@id\":\"https:\\\/\\\/kfactory.eu\\\/features\\\/knowledge-management\\\/#primaryimage\"},\"image\":{\"@id\":\"https:\\\/\\\/kfactory.eu\\\/features\\\/knowledge-management\\\/#primaryimage\"},\"thumbnailUrl\":\"https:\\\/\\\/kfactory.eu\\\/wp-content\\\/uploads\\\/2025\\\/02\\\/Knowledge-Management02-min.jpg\",\"datePublished\":\"2025-01-13T09:07:33+00:00\",\"dateModified\":\"2025-11-27T16:46:58+00:00\",\"description\":\"Transform how your team accesses documents with KFactory's AI-driven Knowledge Management. Optimize efficiency and decision-making today!\u200b\u200b\",\"breadcrumb\":{\"@id\":\"https:\\\/\\\/kfactory.eu\\\/features\\\/knowledge-management\\\/#breadcrumb\"},\"inLanguage\":\"de\",\"potentialAction\":[{\"@type\":\"ReadAction\",\"target\":[\"https:\\\/\\\/kfactory.eu\\\/features\\\/knowledge-management\\\/\"]}]},{\"@type\":\"ImageObject\",\"inLanguage\":\"de\",\"@id\":\"https:\\\/\\\/kfactory.eu\\\/features\\\/knowledge-management\\\/#primaryimage\",\"url\":\"https:\\\/\\\/kfactory.eu\\\/wp-content\\\/uploads\\\/2025\\\/02\\\/Knowledge-Management02-min.jpg\",\"contentUrl\":\"https:\\\/\\\/kfactory.eu\\\/wp-content\\\/uploads\\\/2025\\\/02\\\/Knowledge-Management02-min.jpg\"},{\"@type\":\"BreadcrumbList\",\"@id\":\"https:\\\/\\\/kfactory.eu\\\/features\\\/knowledge-management\\\/#breadcrumb\",\"itemListElement\":[{\"@type\":\"ListItem\",\"position\":1,\"name\":\"Home\",\"item\":\"https:\\\/\\\/kfactory.eu\\\/\"},{\"@type\":\"ListItem\",\"position\":2,\"name\":\"Features\",\"item\":\"https:\\\/\\\/kfactory.eu\\\/features\\\/\"},{\"@type\":\"ListItem\",\"position\":3,\"name\":\"Knowledge management\"}]},{\"@type\":\"WebSite\",\"@id\":\"https:\\\/\\\/kfactory.eu\\\/#website\",\"url\":\"https:\\\/\\\/kfactory.eu\\\/\",\"name\":\"KFactory\",\"description\":\"All about operational performance\",\"publisher\":{\"@id\":\"https:\\\/\\\/kfactory.eu\\\/#organization\"},\"potentialAction\":[{\"@type\":\"SearchAction\",\"target\":{\"@type\":\"EntryPoint\",\"urlTemplate\":\"https:\\\/\\\/kfactory.eu\\\/?s={search_term_string}\"},\"query-input\":{\"@type\":\"PropertyValueSpecification\",\"valueRequired\":true,\"valueName\":\"search_term_string\"}}],\"inLanguage\":\"de\"},{\"@type\":\"Organization\",\"@id\":\"https:\\\/\\\/kfactory.eu\\\/#organization\",\"name\":\"KFactory\",\"url\":\"https:\\\/\\\/kfactory.eu\\\/\",\"logo\":{\"@type\":\"ImageObject\",\"inLanguage\":\"de\",\"@id\":\"https:\\\/\\\/kfactory.eu\\\/#\\\/schema\\\/logo\\\/image\\\/\",\"url\":\"https:\\\/\\\/kfactory.eu\\\/wp-content\\\/uploads\\\/2024\\\/03\\\/cropped-logo-KFactory004-min.png\",\"contentUrl\":\"https:\\\/\\\/kfactory.eu\\\/wp-content\\\/uploads\\\/2024\\\/03\\\/cropped-logo-KFactory004-min.png\",\"width\":150,\"height\":93,\"caption\":\"KFactory\"},\"image\":{\"@id\":\"https:\\\/\\\/kfactory.eu\\\/#\\\/schema\\\/logo\\\/image\\\/\"},\"sameAs\":[\"https:\\\/\\\/www.facebook.com\\\/people\\\/KFactory\\\/100064137339029\\\/\"]}]}<\/script>\n<!-- \/ Yoast SEO Premium plugin. -->","yoast_head_json":{"title":"Revolutionary Knowledge Management Solutions | KFactory","description":"Transform how your team accesses documents with KFactory's AI-driven Knowledge Management. Optimize efficiency and decision-making today!\u200b\u200b","robots":{"index":"index","follow":"follow","max-snippet":"max-snippet:-1","max-image-preview":"max-image-preview:large","max-video-preview":"max-video-preview:-1"},"canonical":"https:\/\/kfactory.eu\/de\/features\/knowledge-management\/","og_locale":"de_DE","og_type":"article","og_title":"Transform Your Team\u2019s Knowledge Management with KFactory","og_description":"Enhance your operational efficiency with KFactory\u2019s innovative Knowledge Base.","og_url":"https:\/\/kfactory.eu\/de\/features\/knowledge-management\/","og_site_name":"KFactory","article_publisher":"https:\/\/www.facebook.com\/people\/KFactory\/100064137339029\/","article_modified_time":"2025-11-27T16:46:58+00:00","og_image":[{"url":"https:\/\/kfactory.eu\/wp-content\/uploads\/2025\/02\/Knowledge-Management02-min.jpg","type":"","width":"","height":""}],"twitter_card":"summary_large_image","twitter_title":"KFactory Knowledge Management","twitter_description":"KFactory Knowledge Management","twitter_misc":{"Gesch\u00e4tzte Lesezeit":"2\u00a0Minuten"},"schema":{"@context":"https:\/\/schema.org","@graph":[{"@type":"WebPage","@id":"https:\/\/kfactory.eu\/features\/knowledge-management\/","url":"https:\/\/kfactory.eu\/features\/knowledge-management\/","name":"Revolutionary Knowledge Management Solutions | KFactory","isPartOf":{"@id":"https:\/\/kfactory.eu\/#website"},"primaryImageOfPage":{"@id":"https:\/\/kfactory.eu\/features\/knowledge-management\/#primaryimage"},"image":{"@id":"https:\/\/kfactory.eu\/features\/knowledge-management\/#primaryimage"},"thumbnailUrl":"https:\/\/kfactory.eu\/wp-content\/uploads\/2025\/02\/Knowledge-Management02-min.jpg","datePublished":"2025-01-13T09:07:33+00:00","dateModified":"2025-11-27T16:46:58+00:00","description":"Transform how your team accesses documents with KFactory's AI-driven Knowledge Management. Optimize efficiency and decision-making today!\u200b\u200b","breadcrumb":{"@id":"https:\/\/kfactory.eu\/features\/knowledge-management\/#breadcrumb"},"inLanguage":"de","potentialAction":[{"@type":"ReadAction","target":["https:\/\/kfactory.eu\/features\/knowledge-management\/"]}]},{"@type":"ImageObject","inLanguage":"de","@id":"https:\/\/kfactory.eu\/features\/knowledge-management\/#primaryimage","url":"https:\/\/kfactory.eu\/wp-content\/uploads\/2025\/02\/Knowledge-Management02-min.jpg","contentUrl":"https:\/\/kfactory.eu\/wp-content\/uploads\/2025\/02\/Knowledge-Management02-min.jpg"},{"@type":"BreadcrumbList","@id":"https:\/\/kfactory.eu\/features\/knowledge-management\/#breadcrumb","itemListElement":[{"@type":"ListItem","position":1,"name":"Home","item":"https:\/\/kfactory.eu\/"},{"@type":"ListItem","position":2,"name":"Features","item":"https:\/\/kfactory.eu\/features\/"},{"@type":"ListItem","position":3,"name":"Knowledge management"}]},{"@type":"WebSite","@id":"https:\/\/kfactory.eu\/#website","url":"https:\/\/kfactory.eu\/","name":"die KFactory-Plattform","description":"All about operational performance","publisher":{"@id":"https:\/\/kfactory.eu\/#organization"},"potentialAction":[{"@type":"SearchAction","target":{"@type":"EntryPoint","urlTemplate":"https:\/\/kfactory.eu\/?s={search_term_string}"},"query-input":{"@type":"PropertyValueSpecification","valueRequired":true,"valueName":"search_term_string"}}],"inLanguage":"de"},{"@type":"Organization","@id":"https:\/\/kfactory.eu\/#organization","name":"die KFactory-Plattform","url":"https:\/\/kfactory.eu\/","logo":{"@type":"ImageObject","inLanguage":"de","@id":"https:\/\/kfactory.eu\/#\/schema\/logo\/image\/","url":"https:\/\/kfactory.eu\/wp-content\/uploads\/2024\/03\/cropped-logo-KFactory004-min.png","contentUrl":"https:\/\/kfactory.eu\/wp-content\/uploads\/2024\/03\/cropped-logo-KFactory004-min.png","width":150,"height":93,"caption":"KFactory"},"image":{"@id":"https:\/\/kfactory.eu\/#\/schema\/logo\/image\/"},"sameAs":["https:\/\/www.facebook.com\/people\/KFactory\/100064137339029\/"]}]}},"_links":{"self":[{"href":"https:\/\/kfactory.eu\/de\/wp-json\/wp\/v2\/pages\/18119","targetHints":{"allow":["GET"]}}],"collection":[{"href":"https:\/\/kfactory.eu\/de\/wp-json\/wp\/v2\/pages"}],"about":[{"href":"https:\/\/kfactory.eu\/de\/wp-json\/wp\/v2\/types\/page"}],"author":[{"embeddable":true,"href":"https:\/\/kfactory.eu\/de\/wp-json\/wp\/v2\/users\/2"}],"replies":[{"embeddable":true,"href":"https:\/\/kfactory.eu\/de\/wp-json\/wp\/v2\/comments?post=18119"}],"version-history":[{"count":10,"href":"https:\/\/kfactory.eu\/de\/wp-json\/wp\/v2\/pages\/18119\/revisions"}],"predecessor-version":[{"id":20504,"href":"https:\/\/kfactory.eu\/de\/wp-json\/wp\/v2\/pages\/18119\/revisions\/20504"}],"up":[{"embeddable":true,"href":"https:\/\/kfactory.eu\/de\/wp-json\/wp\/v2\/pages\/18132"}],"wp:attachment":[{"href":"https:\/\/kfactory.eu\/de\/wp-json\/wp\/v2\/media?parent=18119"}],"wp:term":[{"taxonomy":"category","embeddable":true,"href":"https:\/\/kfactory.eu\/de\/wp-json\/wp\/v2\/categories?post=18119"},{"taxonomy":"post_tag","embeddable":true,"href":"https:\/\/kfactory.eu\/de\/wp-json\/wp\/v2\/tags?post=18119"}],"curies":[{"name":"wp","href":"https:\/\/api.w.org\/{rel}","templated":true}]}}