{"id":18115,"date":"2025-01-13T08:53:28","date_gmt":"2025-01-13T08:53:28","guid":{"rendered":"https:\/\/kfactory.eu\/?page_id=18115"},"modified":"2025-11-27T16:42:20","modified_gmt":"2025-11-27T16:42:20","slug":"quality-assurance","status":"publish","type":"page","link":"https:\/\/kfactory.eu\/de\/features\/quality-assurance\/","title":{"rendered":"Qualit\u00e4tssicherung"},"content":{"rendered":"<div data-elementor-type=\"wp-page\" data-elementor-id=\"18115\" class=\"elementor elementor-18115\" data-elementor-post-type=\"page\">\n\t\t\t\t\t\t<section class=\"elementor-section elementor-top-section elementor-element elementor-element-5e21b99 elementor-section-boxed elementor-section-height-default elementor-section-height-default\" data-id=\"5e21b99\" data-element_type=\"section\" data-e-type=\"section\" data-settings=\"{&quot;background_background&quot;:&quot;classic&quot;}\">\n\t\t\t\t\t\t<div class=\"elementor-container elementor-column-gap-default\">\n\t\t\t\t\t<div class=\"elementor-column elementor-col-100 elementor-top-column elementor-element elementor-element-5c1fb10\" data-id=\"5c1fb10\" data-element_type=\"column\" data-e-type=\"column\">\n\t\t\t<div class=\"elementor-widget-wrap elementor-element-populated\">\n\t\t\t\t\t\t<div class=\"elementor-element elementor-element-6aea4ad elementor-widget elementor-widget-spacer\" data-id=\"6aea4ad\" data-element_type=\"widget\" data-e-type=\"widget\" data-widget_type=\"spacer.default\">\n\t\t\t\t<div class=\"elementor-widget-container\">\n\t\t\t\t\t\t\t<div class=\"elementor-spacer\">\n\t\t\t<div class=\"elementor-spacer-inner\"><\/div>\n\t\t<\/div>\n\t\t\t\t\t\t<\/div>\n\t\t\t\t<\/div>\n\t\t\t\t<section class=\"elementor-section elementor-inner-section elementor-element elementor-element-617d1aa elementor-section-boxed elementor-section-height-default elementor-section-height-default\" data-id=\"617d1aa\" data-element_type=\"section\" data-e-type=\"section\" data-settings=\"{&quot;background_background&quot;:&quot;classic&quot;}\">\n\t\t\t\t\t\t<div class=\"elementor-container elementor-column-gap-default\">\n\t\t\t\t\t<div class=\"elementor-column elementor-col-100 elementor-inner-column elementor-element elementor-element-7358a4f\" data-id=\"7358a4f\" data-element_type=\"column\" data-e-type=\"column\">\n\t\t\t<div class=\"elementor-widget-wrap elementor-element-populated\">\n\t\t\t\t\t\t<div class=\"elementor-element elementor-element-42acfca elementor-widget elementor-widget-heading\" data-id=\"42acfca\" data-element_type=\"widget\" data-e-type=\"widget\" data-widget_type=\"heading.default\">\n\t\t\t\t<div class=\"elementor-widget-container\">\n\t\t\t\t\t<h1 class=\"elementor-heading-title elementor-size-default\">Qualit\u00e4tssicherung<\/h1>\t\t\t\t<\/div>\n\t\t\t\t<\/div>\n\t\t\t\t\t<\/div>\n\t\t<\/div>\n\t\t\t\t\t<\/div>\n\t\t<\/section>\n\t\t\t\t<div class=\"elementor-element elementor-element-b0858b0 elementor-widget elementor-widget-spacer\" data-id=\"b0858b0\" data-element_type=\"widget\" data-e-type=\"widget\" data-widget_type=\"spacer.default\">\n\t\t\t\t<div class=\"elementor-widget-container\">\n\t\t\t\t\t\t\t<div class=\"elementor-spacer\">\n\t\t\t<div class=\"elementor-spacer-inner\"><\/div>\n\t\t<\/div>\n\t\t\t\t\t\t<\/div>\n\t\t\t\t<\/div>\n\t\t\t\t\t<\/div>\n\t\t<\/div>\n\t\t\t\t\t<\/div>\n\t\t<\/section>\n\t\t\t\t<section class=\"elementor-section elementor-top-section elementor-element elementor-element-33b862b elementor-section-boxed elementor-section-height-default elementor-section-height-default\" data-id=\"33b862b\" data-element_type=\"section\" data-e-type=\"section\" data-settings=\"{&quot;background_background&quot;:&quot;classic&quot;}\">\n\t\t\t\t\t\t<div class=\"elementor-container elementor-column-gap-default\">\n\t\t\t\t\t<div class=\"elementor-column elementor-col-100 elementor-top-column elementor-element elementor-element-e8bd9a0\" data-id=\"e8bd9a0\" data-element_type=\"column\" data-e-type=\"column\">\n\t\t\t<div class=\"elementor-widget-wrap elementor-element-populated\">\n\t\t\t\t\t\t<div class=\"elementor-element elementor-element-306ad9d elementor-widget elementor-widget-spacer\" data-id=\"306ad9d\" data-element_type=\"widget\" data-e-type=\"widget\" data-widget_type=\"spacer.default\">\n\t\t\t\t<div class=\"elementor-widget-container\">\n\t\t\t\t\t\t\t<div class=\"elementor-spacer\">\n\t\t\t<div class=\"elementor-spacer-inner\"><\/div>\n\t\t<\/div>\n\t\t\t\t\t\t<\/div>\n\t\t\t\t<\/div>\n\t\t\t\t<div class=\"elementor-element elementor-element-c266dc3 elementor-widget elementor-widget-image\" data-id=\"c266dc3\" data-element_type=\"widget\" data-e-type=\"widget\" data-widget_type=\"image.default\">\n\t\t\t\t<div class=\"elementor-widget-container\">\n\t\t\t\t\t\t\t\t\t\t\t\t\t\t\t<img fetchpriority=\"high\" decoding=\"async\" width=\"1024\" height=\"501\" src=\"https:\/\/kfactory.eu\/wp-content\/uploads\/2023\/03\/Smart-factory-that-uses-a-combination-of-robots-and-human-workers-to-increase-efficiency01-min.jpg\" class=\"attachment-large size-large wp-image-11706\" alt=\"Smart factory that uses a combination of software and human workers to increase efficiency.\" srcset=\"https:\/\/kfactory.eu\/wp-content\/uploads\/2023\/03\/Smart-factory-that-uses-a-combination-of-robots-and-human-workers-to-increase-efficiency01-min.jpg 1024w, https:\/\/kfactory.eu\/wp-content\/uploads\/2023\/03\/Smart-factory-that-uses-a-combination-of-robots-and-human-workers-to-increase-efficiency01-min-300x147.jpg 300w, https:\/\/kfactory.eu\/wp-content\/uploads\/2023\/03\/Smart-factory-that-uses-a-combination-of-robots-and-human-workers-to-increase-efficiency01-min-768x376.jpg 768w, https:\/\/kfactory.eu\/wp-content\/uploads\/2023\/03\/Smart-factory-that-uses-a-combination-of-robots-and-human-workers-to-increase-efficiency01-min-18x9.jpg 18w, https:\/\/kfactory.eu\/wp-content\/uploads\/2023\/03\/Smart-factory-that-uses-a-combination-of-robots-and-human-workers-to-increase-efficiency01-min-204x100.jpg 204w, https:\/\/kfactory.eu\/wp-content\/uploads\/2023\/03\/Smart-factory-that-uses-a-combination-of-robots-and-human-workers-to-increase-efficiency01-min-164x80.jpg 164w, https:\/\/kfactory.eu\/wp-content\/uploads\/2023\/03\/Smart-factory-that-uses-a-combination-of-robots-and-human-workers-to-increase-efficiency01-min-394x193.jpg 394w, https:\/\/kfactory.eu\/wp-content\/uploads\/2023\/03\/Smart-factory-that-uses-a-combination-of-robots-and-human-workers-to-increase-efficiency01-min-915x448.jpg 915w\" sizes=\"(max-width: 1024px) 100vw, 1024px\" \/>\t\t\t\t\t\t\t\t\t\t\t\t\t\t\t<\/div>\n\t\t\t\t<\/div>\n\t\t\t\t<section class=\"elementor-section elementor-inner-section elementor-element elementor-element-569b6d4 elementor-section-boxed elementor-section-height-default elementor-section-height-default\" data-id=\"569b6d4\" data-element_type=\"section\" data-e-type=\"section\" data-settings=\"{&quot;background_background&quot;:&quot;classic&quot;}\">\n\t\t\t\t\t\t<div class=\"elementor-container elementor-column-gap-default\">\n\t\t\t\t\t<div class=\"elementor-column elementor-col-100 elementor-inner-column elementor-element elementor-element-20a5716\" data-id=\"20a5716\" data-element_type=\"column\" data-e-type=\"column\">\n\t\t\t<div class=\"elementor-widget-wrap elementor-element-populated\">\n\t\t\t\t\t\t<div class=\"elementor-element elementor-element-de905f5 elementor-widget elementor-widget-heading\" data-id=\"de905f5\" data-element_type=\"widget\" data-e-type=\"widget\" data-widget_type=\"heading.default\">\n\t\t\t\t<div class=\"elementor-widget-container\">\n\t\t\t\t\t<h2 class=\"elementor-heading-title elementor-size-default\">Qualit\u00e4tskontrolle<\/h2>\t\t\t\t<\/div>\n\t\t\t\t<\/div>\n\t\t\t\t<div class=\"elementor-element elementor-element-11506dd elementor-widget__width-auto elementor-widget elementor-widget-text-editor\" data-id=\"11506dd\" data-element_type=\"widget\" data-e-type=\"widget\" data-widget_type=\"text-editor.default\">\n\t\t\t\t<div class=\"elementor-widget-container\">\n\t\t\t\t\t\t\t\t\t<p>Die KFactory-Plattform sorgt daf\u00fcr, dass jedes Produkt festgelegte Normen und Spezifikationen erf\u00fcllt, um \u00fcber den gesamten Fertigungsprozess hinweg h\u00f6chste Qualit\u00e4t zu gew\u00e4hrleisten. Durch systematische Inspektionen, Messungen und Bewertungen werden M\u00e4ngel und Abweichungen erkannt, sodass nur den Qualit\u00e4tskriterien entsprechende Produkte weiterverarbeitet oder an Kunden ausgeliefert werden.<\/p><p>Mit modernen Technologien wie automatisierten Inspektionssystemen und statistischer Prozesskontrolle (SPC) erh\u00f6ht KFactory die Genauigkeit und Effizienz in der Qualit\u00e4tspr\u00fcfung. Automatisierte Inspektionssysteme verringern menschliche Fehler und beschleunigen Kontrollen, w\u00e4hrend SPC mithilfe statistischer Methoden die Prozesse steuert und konsequente Produktqualit\u00e4t sichert.<\/p><p>Durch die Implementierung dieser Funktion profitieren Hersteller von:<\/p><ul style=\"list-style-type: square;\"><li>Reduzierten Ausschussraten: Fr\u00fcherkennung von Fehlern verhindert die Weiterproduktion fehlerhafter Teile.<\/li><li>Kosteneinsparungen: Weniger Nacharbeit, Ausschuss und Reklamationen senken die Gesamtkosten.<\/li><li>H\u00f6herer Kundenzufriedenheit: Stabile Produktqualit\u00e4t st\u00e4rkt das Vertrauen und die Loyalit\u00e4t der Kunden.<\/li><li>Einhaltung von Vorschriften: Strenge Qualit\u00e4tskontrollen stellen sicher, dass Branchenstandards und Richtlinien erf\u00fcllt werden.<\/li><\/ul><p>KFactory sch\u00fctzt nicht nur die Produktintegrit\u00e4t, sondern steigert auch die Gesamtleistung Ihres Betriebes und f\u00f6rdert nachhaltigen Erfolg.<\/p>\t\t\t\t\t\t\t\t<\/div>\n\t\t\t\t<\/div>\n\t\t\t\t\t<\/div>\n\t\t<\/div>\n\t\t\t\t\t<\/div>\n\t\t<\/section>\n\t\t\t\t<section class=\"elementor-section elementor-inner-section elementor-element elementor-element-8c35068 elementor-section-boxed elementor-section-height-default elementor-section-height-default\" data-id=\"8c35068\" data-element_type=\"section\" data-e-type=\"section\" data-settings=\"{&quot;background_background&quot;:&quot;classic&quot;}\">\n\t\t\t\t\t\t<div class=\"elementor-container elementor-column-gap-default\">\n\t\t\t\t\t<div class=\"elementor-column elementor-col-100 elementor-inner-column elementor-element elementor-element-95bf981\" data-id=\"95bf981\" data-element_type=\"column\" data-e-type=\"column\">\n\t\t\t<div class=\"elementor-widget-wrap elementor-element-populated\">\n\t\t\t\t\t\t<div class=\"elementor-element elementor-element-760912d elementor-widget elementor-widget-heading\" data-id=\"760912d\" data-element_type=\"widget\" data-e-type=\"widget\" data-widget_type=\"heading.default\">\n\t\t\t\t<div class=\"elementor-widget-container\">\n\t\t\t\t\t<h2 class=\"elementor-heading-title elementor-size-default\">Qualit\u00e4tspr\u00fcfung<\/h2>\t\t\t\t<\/div>\n\t\t\t\t<\/div>\n\t\t\t\t<div class=\"elementor-element elementor-element-fbed263 elementor-widget__width-auto elementor-widget elementor-widget-text-editor\" data-id=\"fbed263\" data-element_type=\"widget\" data-e-type=\"widget\" data-widget_type=\"text-editor.default\">\n\t\t\t\t<div class=\"elementor-widget-container\">\n\t\t\t\t\t\t\t\t\t<p>Die KFactory-Plattform unterst\u00fctzt sowohl Fachkr\u00e4fte in der Produktion als auch spezialisierte Qualit\u00e4tsteams bei umfassenden Pr\u00fcfungen, um sicherzustellen, dass Produkte die festgelegten Qualit\u00e4tsstandards erf\u00fcllen, bevor sie auf den Markt kommen. Durch Funktions- und Leistungstests werden M\u00e4ngel schnell erkannt und Produkte verifiziert, die unter verschiedenen Bedingungen ihre Funktion erf\u00fcllen.<\/p><p>In der Produktion k\u00f6nnen Mitarbeitende mit der Plattform Zwischenpr\u00fcfungen durchf\u00fchren und Fehler fr\u00fchzeitig erkennen. Das senkt die Wahrscheinlichkeit, dass fehlerhafte Teile weiter in den Prozess gelangen und reduziert damit den Anteil an Ausschuss.<\/p><p>Qualit\u00e4tsspezialisten k\u00f6nnen intensivere Tests wie Stresstests oder Konformit\u00e4tspr\u00fcfungen vornehmen, um sicherzustellen, dass Produkte nicht nur internen Qualit\u00e4tsvorgaben, sondern auch Branchenstandards und gesetzlichen Vorschriften entsprechen.<\/p><p>Die Integration von KFactory f\u00f6rdert eine enge Zusammenarbeit zwischen Fertigung und Qualit\u00e4tswesen. So werden Fehler schnell behoben und ein durchg\u00e4ngig hohes Qualit\u00e4tsniveau gew\u00e4hrleistet, was letztlich zu einer stetigen Verbesserung und h\u00f6heren Effizienz in den Prozessen f\u00fchrt.<\/p>\t\t\t\t\t\t\t\t<\/div>\n\t\t\t\t<\/div>\n\t\t\t\t\t<\/div>\n\t\t<\/div>\n\t\t\t\t\t<\/div>\n\t\t<\/section>\n\t\t\t\t<div class=\"elementor-element elementor-element-fb3f9ad elementor-widget elementor-widget-spacer\" data-id=\"fb3f9ad\" data-element_type=\"widget\" data-e-type=\"widget\" data-widget_type=\"spacer.default\">\n\t\t\t\t<div class=\"elementor-widget-container\">\n\t\t\t\t\t\t\t<div class=\"elementor-spacer\">\n\t\t\t<div class=\"elementor-spacer-inner\"><\/div>\n\t\t<\/div>\n\t\t\t\t\t\t<\/div>\n\t\t\t\t<\/div>\n\t\t\t\t<div class=\"elementor-element elementor-element-5af110f elementor-widget elementor-widget-spacer\" data-id=\"5af110f\" data-element_type=\"widget\" data-e-type=\"widget\" data-widget_type=\"spacer.default\">\n\t\t\t\t<div class=\"elementor-widget-container\">\n\t\t\t\t\t\t\t<div class=\"elementor-spacer\">\n\t\t\t<div class=\"elementor-spacer-inner\"><\/div>\n\t\t<\/div>\n\t\t\t\t\t\t<\/div>\n\t\t\t\t<\/div>\n\t\t\t\t<div class=\"elementor-element elementor-element-e8ed2c9 elementor-widget elementor-widget-spacer\" data-id=\"e8ed2c9\" data-element_type=\"widget\" data-e-type=\"widget\" data-widget_type=\"spacer.default\">\n\t\t\t\t<div class=\"elementor-widget-container\">\n\t\t\t\t\t\t\t<div class=\"elementor-spacer\">\n\t\t\t<div class=\"elementor-spacer-inner\"><\/div>\n\t\t<\/div>\n\t\t\t\t\t\t<\/div>\n\t\t\t\t<\/div>\n\t\t\t\t<div class=\"elementor-element elementor-element-1404874 elementor-widget elementor-widget-spacer\" data-id=\"1404874\" data-element_type=\"widget\" data-e-type=\"widget\" data-widget_type=\"spacer.default\">\n\t\t\t\t<div class=\"elementor-widget-container\">\n\t\t\t\t\t\t\t<div class=\"elementor-spacer\">\n\t\t\t<div class=\"elementor-spacer-inner\"><\/div>\n\t\t<\/div>\n\t\t\t\t\t\t<\/div>\n\t\t\t\t<\/div>\n\t\t\t\t\t<\/div>\n\t\t<\/div>\n\t\t\t\t\t<\/div>\n\t\t<\/section>\n\t\t\t\t<\/div>","protected":false},"excerpt":{"rendered":"<p>Quality assurance Quality check KFactory platform is designed to ensure that every product meets predefined standards and specifications, maintaining the highest level of quality throughout the manufacturing process. By implementing systematic inspections, measurements, and evaluations, this feature identifies defects and &hellip; <a href=\"https:\/\/kfactory.eu\/de\/features\/quality-assurance\/\">Mehr erfahren<\/a><\/p>","protected":false},"author":2,"featured_media":0,"parent":18132,"menu_order":0,"comment_status":"closed","ping_status":"closed","template":"","meta":{"content-type":"","footnotes":""},"categories":[],"tags":[],"class_list":["post-18115","page","type-page","status-publish","hentry"],"yoast_head":"<!-- This site is optimized with the Yoast SEO Premium plugin v25.2 (Yoast SEO v27.3) - https:\/\/yoast.com\/product\/yoast-seo-premium-wordpress\/ -->\n<title>Quality Assurance with KFactory - Top Standards Met<\/title>\n<meta name=\"description\" content=\"Ensure your products meet the highest quality standards with KFactory&#039;s quality assurance features. Achieve consistency and customer satisfaction today!\u200b\u200b\" \/>\n<meta name=\"robots\" content=\"index, follow, max-snippet:-1, max-image-preview:large, max-video-preview:-1\" \/>\n<link rel=\"canonical\" href=\"https:\/\/kfactory.eu\/de\/features\/quality-assurance\/\" \/>\n<meta property=\"og:locale\" content=\"de_DE\" \/>\n<meta property=\"og:type\" content=\"article\" \/>\n<meta property=\"og:title\" content=\"Top Quality Assurance with KFactory\" \/>\n<meta property=\"og:description\" content=\"Elevate your manufacturing with KFactory&#039;s quality assurance solutions now!\" \/>\n<meta property=\"og:url\" content=\"https:\/\/kfactory.eu\/de\/features\/quality-assurance\/\" \/>\n<meta property=\"og:site_name\" content=\"KFactory\" \/>\n<meta property=\"article:publisher\" content=\"https:\/\/www.facebook.com\/people\/KFactory\/100064137339029\/\" \/>\n<meta property=\"article:modified_time\" content=\"2025-11-27T16:42:20+00:00\" \/>\n<meta property=\"og:image\" content=\"https:\/\/kfactory.eu\/wp-content\/uploads\/2023\/03\/Smart-factory-that-uses-a-combination-of-robots-and-human-workers-to-increase-efficiency01-min.jpg\" \/>\n<meta name=\"twitter:card\" content=\"summary_large_image\" \/>\n<meta name=\"twitter:title\" content=\"KFactory Quality assurance\" \/>\n<meta name=\"twitter:description\" content=\"KFactory Quality assurance\" \/>\n<meta name=\"twitter:label1\" content=\"Gesch\u00e4tzte Lesezeit\" \/>\n\t<meta name=\"twitter:data1\" content=\"2\u00a0Minuten\" \/>\n<script type=\"application\/ld+json\" class=\"yoast-schema-graph\">{\"@context\":\"https:\\\/\\\/schema.org\",\"@graph\":[{\"@type\":\"WebPage\",\"@id\":\"https:\\\/\\\/kfactory.eu\\\/features\\\/quality-assurance\\\/\",\"url\":\"https:\\\/\\\/kfactory.eu\\\/features\\\/quality-assurance\\\/\",\"name\":\"Quality Assurance with KFactory - Top Standards Met\",\"isPartOf\":{\"@id\":\"https:\\\/\\\/kfactory.eu\\\/#website\"},\"primaryImageOfPage\":{\"@id\":\"https:\\\/\\\/kfactory.eu\\\/features\\\/quality-assurance\\\/#primaryimage\"},\"image\":{\"@id\":\"https:\\\/\\\/kfactory.eu\\\/features\\\/quality-assurance\\\/#primaryimage\"},\"thumbnailUrl\":\"https:\\\/\\\/kfactory.eu\\\/wp-content\\\/uploads\\\/2023\\\/03\\\/Smart-factory-that-uses-a-combination-of-robots-and-human-workers-to-increase-efficiency01-min.jpg\",\"datePublished\":\"2025-01-13T08:53:28+00:00\",\"dateModified\":\"2025-11-27T16:42:20+00:00\",\"description\":\"Ensure your products meet the highest quality standards with KFactory's quality assurance features. Achieve consistency and customer satisfaction today!\u200b\u200b\",\"breadcrumb\":{\"@id\":\"https:\\\/\\\/kfactory.eu\\\/features\\\/quality-assurance\\\/#breadcrumb\"},\"inLanguage\":\"de\",\"potentialAction\":[{\"@type\":\"ReadAction\",\"target\":[\"https:\\\/\\\/kfactory.eu\\\/features\\\/quality-assurance\\\/\"]}]},{\"@type\":\"ImageObject\",\"inLanguage\":\"de\",\"@id\":\"https:\\\/\\\/kfactory.eu\\\/features\\\/quality-assurance\\\/#primaryimage\",\"url\":\"https:\\\/\\\/kfactory.eu\\\/wp-content\\\/uploads\\\/2023\\\/03\\\/Smart-factory-that-uses-a-combination-of-robots-and-human-workers-to-increase-efficiency01-min.jpg\",\"contentUrl\":\"https:\\\/\\\/kfactory.eu\\\/wp-content\\\/uploads\\\/2023\\\/03\\\/Smart-factory-that-uses-a-combination-of-robots-and-human-workers-to-increase-efficiency01-min.jpg\"},{\"@type\":\"BreadcrumbList\",\"@id\":\"https:\\\/\\\/kfactory.eu\\\/features\\\/quality-assurance\\\/#breadcrumb\",\"itemListElement\":[{\"@type\":\"ListItem\",\"position\":1,\"name\":\"Home\",\"item\":\"https:\\\/\\\/kfactory.eu\\\/\"},{\"@type\":\"ListItem\",\"position\":2,\"name\":\"Features\",\"item\":\"https:\\\/\\\/kfactory.eu\\\/features\\\/\"},{\"@type\":\"ListItem\",\"position\":3,\"name\":\"Quality assurance\"}]},{\"@type\":\"WebSite\",\"@id\":\"https:\\\/\\\/kfactory.eu\\\/#website\",\"url\":\"https:\\\/\\\/kfactory.eu\\\/\",\"name\":\"KFactory\",\"description\":\"All about operational performance\",\"publisher\":{\"@id\":\"https:\\\/\\\/kfactory.eu\\\/#organization\"},\"potentialAction\":[{\"@type\":\"SearchAction\",\"target\":{\"@type\":\"EntryPoint\",\"urlTemplate\":\"https:\\\/\\\/kfactory.eu\\\/?s={search_term_string}\"},\"query-input\":{\"@type\":\"PropertyValueSpecification\",\"valueRequired\":true,\"valueName\":\"search_term_string\"}}],\"inLanguage\":\"de\"},{\"@type\":\"Organization\",\"@id\":\"https:\\\/\\\/kfactory.eu\\\/#organization\",\"name\":\"KFactory\",\"url\":\"https:\\\/\\\/kfactory.eu\\\/\",\"logo\":{\"@type\":\"ImageObject\",\"inLanguage\":\"de\",\"@id\":\"https:\\\/\\\/kfactory.eu\\\/#\\\/schema\\\/logo\\\/image\\\/\",\"url\":\"https:\\\/\\\/kfactory.eu\\\/wp-content\\\/uploads\\\/2024\\\/03\\\/cropped-logo-KFactory004-min.png\",\"contentUrl\":\"https:\\\/\\\/kfactory.eu\\\/wp-content\\\/uploads\\\/2024\\\/03\\\/cropped-logo-KFactory004-min.png\",\"width\":150,\"height\":93,\"caption\":\"KFactory\"},\"image\":{\"@id\":\"https:\\\/\\\/kfactory.eu\\\/#\\\/schema\\\/logo\\\/image\\\/\"},\"sameAs\":[\"https:\\\/\\\/www.facebook.com\\\/people\\\/KFactory\\\/100064137339029\\\/\"]}]}<\/script>\n<!-- \/ Yoast SEO Premium plugin. -->","yoast_head_json":{"title":"Quality Assurance with KFactory - Top Standards Met","description":"Ensure your products meet the highest quality standards with KFactory's quality assurance features. Achieve consistency and customer satisfaction today!\u200b\u200b","robots":{"index":"index","follow":"follow","max-snippet":"max-snippet:-1","max-image-preview":"max-image-preview:large","max-video-preview":"max-video-preview:-1"},"canonical":"https:\/\/kfactory.eu\/de\/features\/quality-assurance\/","og_locale":"de_DE","og_type":"article","og_title":"Top Quality Assurance with KFactory","og_description":"Elevate your manufacturing with KFactory's quality assurance solutions now!","og_url":"https:\/\/kfactory.eu\/de\/features\/quality-assurance\/","og_site_name":"KFactory","article_publisher":"https:\/\/www.facebook.com\/people\/KFactory\/100064137339029\/","article_modified_time":"2025-11-27T16:42:20+00:00","og_image":[{"url":"https:\/\/kfactory.eu\/wp-content\/uploads\/2023\/03\/Smart-factory-that-uses-a-combination-of-robots-and-human-workers-to-increase-efficiency01-min.jpg","type":"","width":"","height":""}],"twitter_card":"summary_large_image","twitter_title":"KFactory Quality assurance","twitter_description":"KFactory Quality assurance","twitter_misc":{"Gesch\u00e4tzte Lesezeit":"2\u00a0Minuten"},"schema":{"@context":"https:\/\/schema.org","@graph":[{"@type":"WebPage","@id":"https:\/\/kfactory.eu\/features\/quality-assurance\/","url":"https:\/\/kfactory.eu\/features\/quality-assurance\/","name":"Quality Assurance with KFactory - Top Standards Met","isPartOf":{"@id":"https:\/\/kfactory.eu\/#website"},"primaryImageOfPage":{"@id":"https:\/\/kfactory.eu\/features\/quality-assurance\/#primaryimage"},"image":{"@id":"https:\/\/kfactory.eu\/features\/quality-assurance\/#primaryimage"},"thumbnailUrl":"https:\/\/kfactory.eu\/wp-content\/uploads\/2023\/03\/Smart-factory-that-uses-a-combination-of-robots-and-human-workers-to-increase-efficiency01-min.jpg","datePublished":"2025-01-13T08:53:28+00:00","dateModified":"2025-11-27T16:42:20+00:00","description":"Ensure your products meet the highest quality standards with KFactory's quality assurance features. Achieve consistency and customer satisfaction today!\u200b\u200b","breadcrumb":{"@id":"https:\/\/kfactory.eu\/features\/quality-assurance\/#breadcrumb"},"inLanguage":"de","potentialAction":[{"@type":"ReadAction","target":["https:\/\/kfactory.eu\/features\/quality-assurance\/"]}]},{"@type":"ImageObject","inLanguage":"de","@id":"https:\/\/kfactory.eu\/features\/quality-assurance\/#primaryimage","url":"https:\/\/kfactory.eu\/wp-content\/uploads\/2023\/03\/Smart-factory-that-uses-a-combination-of-robots-and-human-workers-to-increase-efficiency01-min.jpg","contentUrl":"https:\/\/kfactory.eu\/wp-content\/uploads\/2023\/03\/Smart-factory-that-uses-a-combination-of-robots-and-human-workers-to-increase-efficiency01-min.jpg"},{"@type":"BreadcrumbList","@id":"https:\/\/kfactory.eu\/features\/quality-assurance\/#breadcrumb","itemListElement":[{"@type":"ListItem","position":1,"name":"Home","item":"https:\/\/kfactory.eu\/"},{"@type":"ListItem","position":2,"name":"Features","item":"https:\/\/kfactory.eu\/features\/"},{"@type":"ListItem","position":3,"name":"Quality assurance"}]},{"@type":"WebSite","@id":"https:\/\/kfactory.eu\/#website","url":"https:\/\/kfactory.eu\/","name":"die KFactory-Plattform","description":"All about operational performance","publisher":{"@id":"https:\/\/kfactory.eu\/#organization"},"potentialAction":[{"@type":"SearchAction","target":{"@type":"EntryPoint","urlTemplate":"https:\/\/kfactory.eu\/?s={search_term_string}"},"query-input":{"@type":"PropertyValueSpecification","valueRequired":true,"valueName":"search_term_string"}}],"inLanguage":"de"},{"@type":"Organization","@id":"https:\/\/kfactory.eu\/#organization","name":"die KFactory-Plattform","url":"https:\/\/kfactory.eu\/","logo":{"@type":"ImageObject","inLanguage":"de","@id":"https:\/\/kfactory.eu\/#\/schema\/logo\/image\/","url":"https:\/\/kfactory.eu\/wp-content\/uploads\/2024\/03\/cropped-logo-KFactory004-min.png","contentUrl":"https:\/\/kfactory.eu\/wp-content\/uploads\/2024\/03\/cropped-logo-KFactory004-min.png","width":150,"height":93,"caption":"KFactory"},"image":{"@id":"https:\/\/kfactory.eu\/#\/schema\/logo\/image\/"},"sameAs":["https:\/\/www.facebook.com\/people\/KFactory\/100064137339029\/"]}]}},"_links":{"self":[{"href":"https:\/\/kfactory.eu\/de\/wp-json\/wp\/v2\/pages\/18115","targetHints":{"allow":["GET"]}}],"collection":[{"href":"https:\/\/kfactory.eu\/de\/wp-json\/wp\/v2\/pages"}],"about":[{"href":"https:\/\/kfactory.eu\/de\/wp-json\/wp\/v2\/types\/page"}],"author":[{"embeddable":true,"href":"https:\/\/kfactory.eu\/de\/wp-json\/wp\/v2\/users\/2"}],"replies":[{"embeddable":true,"href":"https:\/\/kfactory.eu\/de\/wp-json\/wp\/v2\/comments?post=18115"}],"version-history":[{"count":10,"href":"https:\/\/kfactory.eu\/de\/wp-json\/wp\/v2\/pages\/18115\/revisions"}],"predecessor-version":[{"id":20502,"href":"https:\/\/kfactory.eu\/de\/wp-json\/wp\/v2\/pages\/18115\/revisions\/20502"}],"up":[{"embeddable":true,"href":"https:\/\/kfactory.eu\/de\/wp-json\/wp\/v2\/pages\/18132"}],"wp:attachment":[{"href":"https:\/\/kfactory.eu\/de\/wp-json\/wp\/v2\/media?parent=18115"}],"wp:term":[{"taxonomy":"category","embeddable":true,"href":"https:\/\/kfactory.eu\/de\/wp-json\/wp\/v2\/categories?post=18115"},{"taxonomy":"post_tag","embeddable":true,"href":"https:\/\/kfactory.eu\/de\/wp-json\/wp\/v2\/tags?post=18115"}],"curies":[{"name":"wp","href":"https:\/\/api.w.org\/{rel}","templated":true}]}}